{"id":81577,"date":"2023-11-10T12:28:48","date_gmt":"2023-11-10T11:28:48","guid":{"rendered":"https:\/\/subblim.com\/harmony-pack-alfombrilla-xl-raton-inalambrico-negro\/"},"modified":"2026-03-02T03:55:13","modified_gmt":"2026-03-02T02:55:13","slug":"tapis-de-souris-sans-fil-harmony-pack-xl-noir","status":"publish","type":"product","link":"https:\/\/subblim.com\/fr\/tapis-de-souris-sans-fil-harmony-pack-xl-noir\/","title":{"rendered":"Pack tapis de souris XL et souris sans fil Harmony noir"},"content":{"rendered":"<div class=\"page\" title=\"Page 1\">\n<div class=\"section\">\n<div class=\"layoutArea\">\n<div class=\"column\">\n<p>Am\u00e9liorez votre espace de travail avec le sous-main SUBBLIM Harmony Series. Ajoutez de la couleur, du style et du confort tout en prot\u00e9geant votre bureau. Ce sous-main doux et large est r\u00e9sistant aux \u00e9claboussures et se nettoie facilement avec un chiffon humide.<br \/> Profitez d&rsquo;une glisse sans effort avec ce tapis de souris doux au toucher. Son tissage fin offre un mouvement silencieux et fluide \u00e0 votre souris, que vous soyez au bureau ou \u00e0 la maison.<\/p>\n<p>De construction durable, ce sous-main est dot\u00e9 de fibres solides et douces qui r\u00e9sistent aux plis et au r\u00e9tr\u00e9cissement. Ses bords renforc\u00e9s et sa base en caoutchouc antid\u00e9rapant (contient du latex) assurent une prise en main s\u00fbre.<br \/> Mesurant 80 cm x 30 cm, il est suffisamment large pour accueillir votre clavier, votre souris et autres appareils et accessoires SUBBLIM pr\u00e9f\u00e9r\u00e9s. De plus, compl\u00e9tez votre espace de travail avec la souris sans fil silencieuse SUBBLIM Business Plus. Son design ergonomique et plat s&rsquo;adapte \u00e0 la main droite comme \u00e0 la main gauche. Les boutons silencieux vous permettent de vous concentrer pleinement sans d\u00e9ranger les autres. Le support lat\u00e9ral antid\u00e9rapant \u00e0 motifs diff\u00e9renci\u00e9s offre une prise en main parfaite pour une utilisation intensive.<\/p>\n<p>&nbsp;<\/p>\n<\/p><\/div>\n<\/p><\/div>\n<\/p><\/div>\n<\/p><\/div>\n<p><strong>PAD<\/strong><\/p>\n<ul>\n<li>Version extra large de 800 x 300 x 2 mm pour un espace constant et large pour la souris et le clavier lors de jeux intenses ou de travaux prolong\u00e9s.<\/li>\n<li>Con\u00e7u pour les joueurs et les professionnels, avec une surface spacieuse pour les accessoires et des performances optimales.<\/li>\n<li>Bords renforc\u00e9s de haute qualit\u00e9 pour une durabilit\u00e9 et une apparence propre et professionnelle.<\/li>\n<li>Technologie d&rsquo;impression de haute pr\u00e9cision pour des d\u00e9tails nets et une am\u00e9lioration esth\u00e9tique.<\/li>\n<li>Facile \u00e0 nettoyer, aucun souci d&rsquo;entretien.<\/li>\n<li>Haute \u00e9lasticit\u00e9 pour plus de confort et de pr\u00e9cision pendant les longues sessions d&rsquo;utilisation.<\/li>\n<li>Base antid\u00e9rapante pour une stabilit\u00e9 et un contr\u00f4le absolu.\n<div class=\"page\" title=\"Page 1\">\n<div class=\"section\">\n<div class=\"layoutArea\">\n<div class=\"column\"><\/div>\n<\/p><\/div>\n<\/p><\/div>\n<\/p><\/div>\n<\/li>\n<\/ul>\n<p>&nbsp;<\/p>\n<p><strong>SOURIS<\/strong><\/p>\n<ul>\n<li>Son design profil\u00e9 offre un grand confort d&rsquo;utilisation pour tous les types de mains et une utilisation ambidextre.<\/li>\n<li>Connexion sans fil via r\u00e9cepteur USB : Plug &#038; Play.<\/li>\n<li>Pression silencieuse des boutons : technologie Silent Click.<\/li>\n<li>Elle dispose de 3 boutons de fonction.<\/li>\n<li>R\u00e9solution\/Vitesse jusqu&rsquo;\u00e0 1200 dpi.<\/li>\n<\/ul>\n<p>&nbsp;<\/p>\n","protected":false},"excerpt":{"rendered":"<p>Ajoutez du style et du confort tout en prot\u00e9geant votre bureau avec un tapis de souris XL et compl\u00e9tez-le avec une souris sans fil 1200 dpi.<\/p>\n","protected":false},"featured_media":79666,"template":"","meta":[],"product_brand":[],"product_cat":[501,503],"product_tag":[],"class_list":{"0":"post-81577","1":"product","2":"type-product","3":"status-publish","4":"has-post-thumbnail","6":"product_cat-alfombrillas-raton","7":"product_cat-alfombrillas-xl","9":"first","10":"instock","11":"sale","12":"taxable","13":"shipping-taxable","14":"purchasable","15":"product-type-simple"},"_links":{"self":[{"href":"https:\/\/subblim.com\/fr\/wp-json\/wp\/v2\/product\/81577","targetHints":{"allow":["GET"]}}],"collection":[{"href":"https:\/\/subblim.com\/fr\/wp-json\/wp\/v2\/product"}],"about":[{"href":"https:\/\/subblim.com\/fr\/wp-json\/wp\/v2\/types\/product"}],"version-history":[{"count":0,"href":"https:\/\/subblim.com\/fr\/wp-json\/wp\/v2\/product\/81577\/revisions"}],"wp:featuredmedia":[{"embeddable":true,"href":"https:\/\/subblim.com\/fr\/wp-json\/wp\/v2\/media\/79666"}],"wp:attachment":[{"href":"https:\/\/subblim.com\/fr\/wp-json\/wp\/v2\/media?parent=81577"}],"wp:term":[{"taxonomy":"product_brand","embeddable":true,"href":"https:\/\/subblim.com\/fr\/wp-json\/wp\/v2\/product_brand?post=81577"},{"taxonomy":"product_cat","embeddable":true,"href":"https:\/\/subblim.com\/fr\/wp-json\/wp\/v2\/product_cat?post=81577"},{"taxonomy":"product_tag","embeddable":true,"href":"https:\/\/subblim.com\/fr\/wp-json\/wp\/v2\/product_tag?post=81577"}],"curies":[{"name":"wp","href":"https:\/\/api.w.org\/{rel}","templated":true}]}}