{"id":81550,"date":"2023-11-10T12:28:51","date_gmt":"2023-11-10T11:28:51","guid":{"rendered":"https:\/\/subblim.com\/maletin-para-portatil-oxford-13-3%e2%80%b3-14%e2%80%b3-gris\/"},"modified":"2026-03-02T03:55:14","modified_gmt":"2026-03-02T02:55:14","slug":"sacoche-pour-ordinateur-portable-oxford-13-3%e2%80%b3-14%e2%80%b3-gris","status":"publish","type":"product","link":"https:\/\/subblim.com\/fr\/sacoche-pour-ordinateur-portable-oxford-13-3%e2%80%b3-14%e2%80%b3-gris\/","title":{"rendered":"Sacoche Oxford pour ordinateur portable 13,3&Prime;-14&Prime; grise"},"content":{"rendered":"<p>La mallette noire Oxford offre un grand espace de rangement. Dot\u00e9e d&rsquo;un acc\u00e8s pratique par le haut, d&rsquo;un compartiment rembourr\u00e9 pour ordinateur portable et d&rsquo;une capacit\u00e9 de rangement optimis\u00e9e, votre ordinateur portable sera prot\u00e9g\u00e9 dans un compartiment rembourr\u00e9 et suspendu, tandis que vous disposerez d&rsquo;un espace de rangement compact pour vos autres effets personnels.<\/p>\n<ul>\n<li>Protection quotidienne pour ordinateurs portables de 13,3&Prime; \u00e0 14&Prime;. <\/li>\n<li>Avec ses bretelles amovibles et r\u00e9glables et ses poign\u00e9es sup\u00e9rieures, cette mallette est id\u00e9ale pour les voyages d&rsquo;affaires et les d\u00e9placements quotidiens.<\/li>\n<li>\n<p>Fabriqu\u00e9 en polyester r\u00e9sistant<\/p>\n<p>Int\u00e9rieur rembourr\u00e9 et renforc\u00e9.<\/li>\n<li>\n<p>Deux compartiments s\u00e9par\u00e9s \u00e0 l&rsquo;int\u00e9rieur.<\/li>\n<li>\n<p>Grande poche ext\u00e9rieure pour documents, stylos, accessoires&#8230;<\/li>\n<li>\n<p>Bandouli\u00e8re.<\/li>\n<li>\n<p>Poign\u00e9es et boucles robustes pour un transport s\u00e9curis\u00e9.<\/li>\n<\/ul>\n<p>EAN\u00a0: Oxford Briefcase 13,3-14&Prime; Black (SUB-LB-1OLB030) 8436586741235\u00a0; Oxford Briefcase 13,3-14&Prime; Grey (SUB-LB-1OLB031) 8436586741242<\/p>\n","protected":false},"excerpt":{"rendered":"<p>Gamme Oxford de mallettes pour ordinateurs portables de 13,3 \u00e0 14 pouces, destin\u00e9es aux professionnels modernes et aux cr\u00e9ateurs de tendances mobiles. Protection, confort et prix abordables.<\/p>\n","protected":false},"featured_media":77389,"template":"","meta":[],"product_brand":[],"product_cat":[2278],"product_tag":[3235],"class_list":{"0":"post-81550","1":"product","2":"type-product","3":"status-publish","4":"has-post-thumbnail","6":"product_cat-maletas-para-portateis-de-13-3-a-14-pt-pt","7":"product_tag-black-friday-pt-pt","9":"first","10":"instock","11":"taxable","12":"shipping-taxable","13":"purchasable","14":"product-type-simple"},"_links":{"self":[{"href":"https:\/\/subblim.com\/fr\/wp-json\/wp\/v2\/product\/81550","targetHints":{"allow":["GET"]}}],"collection":[{"href":"https:\/\/subblim.com\/fr\/wp-json\/wp\/v2\/product"}],"about":[{"href":"https:\/\/subblim.com\/fr\/wp-json\/wp\/v2\/types\/product"}],"version-history":[{"count":0,"href":"https:\/\/subblim.com\/fr\/wp-json\/wp\/v2\/product\/81550\/revisions"}],"wp:featuredmedia":[{"embeddable":true,"href":"https:\/\/subblim.com\/fr\/wp-json\/wp\/v2\/media\/77389"}],"wp:attachment":[{"href":"https:\/\/subblim.com\/fr\/wp-json\/wp\/v2\/media?parent=81550"}],"wp:term":[{"taxonomy":"product_brand","embeddable":true,"href":"https:\/\/subblim.com\/fr\/wp-json\/wp\/v2\/product_brand?post=81550"},{"taxonomy":"product_cat","embeddable":true,"href":"https:\/\/subblim.com\/fr\/wp-json\/wp\/v2\/product_cat?post=81550"},{"taxonomy":"product_tag","embeddable":true,"href":"https:\/\/subblim.com\/fr\/wp-json\/wp\/v2\/product_tag?post=81550"}],"curies":[{"name":"wp","href":"https:\/\/api.w.org\/{rel}","templated":true}]}}