{"id":81544,"date":"2023-11-10T12:39:42","date_gmt":"2023-11-10T11:39:42","guid":{"rendered":"https:\/\/subblim.com\/mochila-para-portatil-city-15-6%e2%80%b3-azul\/"},"modified":"2026-02-01T02:15:04","modified_gmt":"2026-02-01T01:15:04","slug":"sac-a-dos-pour-ordinateur-portable-city-156-pouces-bleu","status":"publish","type":"product","link":"https:\/\/subblim.com\/fr\/sac-a-dos-pour-ordinateur-portable-city-156-pouces-bleu\/","title":{"rendered":"Sac \u00e0 dos City pour ordinateur portable 15,6 pouces, bleu"},"content":{"rendered":"<p>Le confort de transport est assur\u00e9 gr\u00e2ce \u00e0 ses bretelles qui r\u00e9partissent uniform\u00e9ment le poids sur le dos, ainsi qu&rsquo;\u00e0 sa poign\u00e9e rembourr\u00e9e. Dot\u00e9 d&rsquo;un design moderne et fonctionnel, il est fabriqu\u00e9 avec des mat\u00e9riaux durables et d\u00e9perlants. Il dispose d&rsquo;un port de charge USB externe pour alimenter vos appareils.<\/p>\n<ul>\n<li>Sac \u00e0 dos \u00e9l\u00e9gant pour ordinateurs portables jusqu&rsquo;\u00e0 15,6 pouces.<\/li>\n<li>\n<p>Grand compartiment avec espace rembourr\u00e9 exclusif pour l&rsquo;ordinateur portable et d&rsquo;autres articles tels que des livres, un chargeur, etc.<\/p>\n<\/li>\n<li>\n<p>Deux poches avant zipp\u00e9es pour les accessoires et les documents.<\/p>\n<\/li>\n<li>\n<p>Poche sur le c\u00f4t\u00e9 gauche.<\/p>\n<\/li>\n<li>\n<p>Bretelles ergonomiques, rembourr\u00e9es et r\u00e9glables avec une sangle r\u00e9glable.<\/p>\n<\/li>\n<li>\n<p>Poign\u00e9e sup\u00e9rieure rembourr\u00e9e pour un transport confortable.<\/p>\n<\/li>\n<li>\n<p>Dos renforc\u00e9 pour plus de confort.<\/p>\n<\/li>\n<li>\n<p>Syst\u00e8me de double fermeture \u00e9clair dans le compartiment principal.<\/p>\n<\/li>\n<li>\n<p>Syst\u00e8me de sangle int\u00e9gr\u00e9 pour Trolley.<\/p>\n<\/li>\n<li>\n<p>Port USB pour appareils de charge.<\/p>\n<\/li>\n<\/ul>\n<p>&nbsp;<\/p>\n<p>EAN\u00a0: Sac \u00e0 dos City Gray (SUB-BP-2BL2000) 8436586741570\u00a0; Sac \u00e0 dos City Blue (SUB-BP-2BL2001) 8436586741587\u00a0; Sac \u00e0 dos City Black (SUB-BP-2BL2002) 8436586741761<\/p>\n","protected":false},"excerpt":{"rendered":"<p>Le sac \u00e0 dos Subblim City Backpack pour ordinateur portable 15,6&Prime; est indispensable pour tous vos d\u00e9placements. Il vous permet de transporter votre ordinateur portable en toute s\u00e9curit\u00e9 gr\u00e2ce \u00e0 son compartiment rembourr\u00e9 unique et ses multiples poches pour vos accessoires et documents les plus utilis\u00e9s.<\/p>\n","protected":false},"featured_media":77288,"template":"","meta":[],"product_brand":[],"product_cat":[1700],"product_tag":[3232],"class_list":{"0":"post-81544","1":"product","2":"type-product","3":"status-publish","4":"has-post-thumbnail","6":"product_cat-mochilas-para-portatiles-de-a-15-6","7":"product_tag-black-friday","9":"first","10":"instock","11":"taxable","12":"shipping-taxable","13":"purchasable","14":"product-type-simple"},"_links":{"self":[{"href":"https:\/\/subblim.com\/fr\/wp-json\/wp\/v2\/product\/81544","targetHints":{"allow":["GET"]}}],"collection":[{"href":"https:\/\/subblim.com\/fr\/wp-json\/wp\/v2\/product"}],"about":[{"href":"https:\/\/subblim.com\/fr\/wp-json\/wp\/v2\/types\/product"}],"version-history":[{"count":0,"href":"https:\/\/subblim.com\/fr\/wp-json\/wp\/v2\/product\/81544\/revisions"}],"wp:featuredmedia":[{"embeddable":true,"href":"https:\/\/subblim.com\/fr\/wp-json\/wp\/v2\/media\/77288"}],"wp:attachment":[{"href":"https:\/\/subblim.com\/fr\/wp-json\/wp\/v2\/media?parent=81544"}],"wp:term":[{"taxonomy":"product_brand","embeddable":true,"href":"https:\/\/subblim.com\/fr\/wp-json\/wp\/v2\/product_brand?post=81544"},{"taxonomy":"product_cat","embeddable":true,"href":"https:\/\/subblim.com\/fr\/wp-json\/wp\/v2\/product_cat?post=81544"},{"taxonomy":"product_tag","embeddable":true,"href":"https:\/\/subblim.com\/fr\/wp-json\/wp\/v2\/product_tag?post=81544"}],"curies":[{"name":"wp","href":"https:\/\/api.w.org\/{rel}","templated":true}]}}