{"id":81535,"date":"2023-11-10T12:39:43","date_gmt":"2023-11-10T11:39:43","guid":{"rendered":"https:\/\/subblim.com\/mochila-para-portatil-urban-lock-16%e2%80%b3-rojo\/"},"modified":"2026-02-01T02:15:05","modified_gmt":"2026-02-01T01:15:05","slug":"sac-a-dos-pour-ordinateur-portable-urban-lock-16-rouge","status":"publish","type":"product","link":"https:\/\/subblim.com\/fr\/sac-a-dos-pour-ordinateur-portable-urban-lock-16-rouge\/","title":{"rendered":"Sac \u00e0 dos pour ordinateur portable 16 pouces Urban Lock rouge"},"content":{"rendered":"<p>Le sac \u00e0 dos Urban Lock System est s\u00e9curis\u00e9 au quotidien gr\u00e2ce \u00e0 sa serrure \u00e0 combinaison. Son design moderne et ses finitions soign\u00e9es sont soigneusement s\u00e9lectionn\u00e9es.<\/p>\n<p>Ce sac \u00e0 dos pour ordinateur portable offre une excellente capacit\u00e9 d&rsquo;organisation, de multiples poches et des options de rangement pour documents, livres et accessoires. Il est \u00e9quip\u00e9 d&rsquo;un connecteur USB pour une batterie externe qui ne vous laissera pas sans \u00e9lectricit\u00e9.<\/p>\n<p>L&rsquo;ext\u00e9rieur a \u00e9t\u00e9 con\u00e7u pour r\u00e9sister \u00e0 l&rsquo;usure des d\u00e9placements quotidiens, et son confort de transport est assur\u00e9 gr\u00e2ce \u00e0 ses bretelles qui r\u00e9partissent uniform\u00e9ment le poids sur votre dos.<\/p>\n<ul>\n<li>Sac \u00e0 dos pour ordinateurs portables jusqu&rsquo;\u00e0 16&Prime;.<\/li>\n<li>Syst\u00e8me de verrouillage antivol avec serrure \u00e0 combinaison num\u00e9rique.<\/li>\n<li>Bretelles ergonomiques et rembourr\u00e9es, r\u00e9glables avec une sangle r\u00e9glable.<\/li>\n<li>Dos renforc\u00e9 avec le syst\u00e8me Airflow, pour plus de confort et de respirabilit\u00e9.<\/li>\n<li>Syst\u00e8me de double fermeture \u00e9clair dans tous les compartiments.<\/li>\n<li>Deux poches lat\u00e9rales en filet.<\/li>\n<li>Badges r\u00e9fl\u00e9chissants pour \u00eatre vu la nuit.<\/li>\n<li>Syst\u00e8me de sangles pour trolley int\u00e9gr\u00e9.<\/li>\n<li>Port USB pour charger les appareils.<\/li>\n<li>Sortie casque.<\/li>\n<\/ul>\n<p>&nbsp;<\/p>\n<p>EAN\u00a0: Sac \u00e0 dos Urban Red (SUB-BP-1UL0002) 8436586741358\u00a0; Sac \u00e0 dos Urban Gray (SUB-BP-1UL0001) 8436586741167<\/p>\n","protected":false},"excerpt":{"rendered":"<p>Le sac \u00e0 dos Urban Lock System est synonyme de s\u00e9curit\u00e9. Son design moderne et ses finitions soign\u00e9es en font l&rsquo;accessoire id\u00e9al pour tous vos d\u00e9placements. Il vous permet de transporter votre ordinateur et ses accessoires en toute s\u00e9curit\u00e9 gr\u00e2ce \u00e0 sa serrure \u00e0 combinaison num\u00e9rique.<\/p>\n","protected":false},"featured_media":97772,"template":"","meta":[],"product_brand":[],"product_cat":[1700],"product_tag":[3232],"class_list":{"0":"post-81535","1":"product","2":"type-product","3":"status-publish","4":"has-post-thumbnail","6":"product_cat-mochilas-para-portatiles-de-a-15-6","7":"product_tag-black-friday","9":"first","10":"instock","11":"taxable","12":"shipping-taxable","13":"purchasable","14":"product-type-simple"},"_links":{"self":[{"href":"https:\/\/subblim.com\/fr\/wp-json\/wp\/v2\/product\/81535","targetHints":{"allow":["GET"]}}],"collection":[{"href":"https:\/\/subblim.com\/fr\/wp-json\/wp\/v2\/product"}],"about":[{"href":"https:\/\/subblim.com\/fr\/wp-json\/wp\/v2\/types\/product"}],"version-history":[{"count":0,"href":"https:\/\/subblim.com\/fr\/wp-json\/wp\/v2\/product\/81535\/revisions"}],"wp:featuredmedia":[{"embeddable":true,"href":"https:\/\/subblim.com\/fr\/wp-json\/wp\/v2\/media\/97772"}],"wp:attachment":[{"href":"https:\/\/subblim.com\/fr\/wp-json\/wp\/v2\/media?parent=81535"}],"wp:term":[{"taxonomy":"product_brand","embeddable":true,"href":"https:\/\/subblim.com\/fr\/wp-json\/wp\/v2\/product_brand?post=81535"},{"taxonomy":"product_cat","embeddable":true,"href":"https:\/\/subblim.com\/fr\/wp-json\/wp\/v2\/product_cat?post=81535"},{"taxonomy":"product_tag","embeddable":true,"href":"https:\/\/subblim.com\/fr\/wp-json\/wp\/v2\/product_tag?post=81535"}],"curies":[{"name":"wp","href":"https:\/\/api.w.org\/{rel}","templated":true}]}}