{"id":81523,"date":"2023-11-10T12:39:44","date_gmt":"2023-11-10T11:39:44","guid":{"rendered":"https:\/\/subblim.com\/raton-business-plus-silencioso-inalambrico-2-4g-blanco\/"},"modified":"2025-11-26T09:26:09","modified_gmt":"2025-11-26T08:26:09","slug":"souris-sans-fil-business-plus-silent-24-g-blanche","status":"publish","type":"product","link":"https:\/\/subblim.com\/fr\/souris-sans-fil-business-plus-silent-24-g-blanche\/","title":{"rendered":"Souris sans fil silencieuse Business Plus 2,4 GHz, blanche"},"content":{"rendered":"<p>La souris sans fil silencieuse SUBBLIM Business Plus offre un confort d&rsquo;utilisation maximal gr\u00e2ce \u00e0 sa forme plate et ergonomique qui s&rsquo;adapte \u00e0 toutes les tailles de main, qu&rsquo;elles soient droites ou gauches. <br \/>Les boutons silencieux vous permettent d&rsquo;atteindre une concentration maximale sur votre lieu de travail sans d\u00e9ranger votre entourage. <br \/>Le support lat\u00e9ral antid\u00e9rapant \u00e0 motifs diff\u00e9renci\u00e9s offre une prise en main parfaite pour une utilisation intensive. Son design profil\u00e9 offre un grand confort d&rsquo;utilisation pour tous les types de mains.<\/p>\n<ul>\n<li>Ergonomique et plat pour une utilisation ambidextre.<\/li>\n<li>Connexion sans fil via r\u00e9cepteur USB\u00a0: Plug &#038; Play.<\/li>\n<li>Appui silencieux sur les boutons\u00a0: technologie Silent Click.<\/li>\n<li>Il dispose de 3 boutons de fonction.<\/li>\n<li>R\u00e9solution\/vitesse jusqu&rsquo;\u00e0 1\u00a0200\u00a0dpi.<\/li>\n<li>Port\u00e9e sans fil jusqu&rsquo;\u00e0 10\u00a0m\u00e8tres.<\/li>\n<li>Molette de d\u00e9filement antid\u00e9rapante.<\/li>\n<li>Fonctionne avec deux piles AAA.<\/li>\n<\/ul>\n<p>EAN\u00a0: Souris professionnelle sans fil blanche (SUBMO-B2SW011) 8436586742539\u00a0; Souris professionnelle sans fil noire (SUBMO-B2SW010) 8436586742409<\/p>\n","protected":false},"excerpt":{"rendered":"<p>Silencieux, confortable, adaptable \u00e0 toutes les tailles de main et prise en main parfaite. Id\u00e9al pour une utilisation continue au bureau.<\/p>\n","protected":false},"featured_media":79374,"template":"","meta":[],"product_brand":[],"product_cat":[2189,2186,2188],"product_tag":[],"class_list":{"0":"post-81523","1":"product","2":"type-product","3":"status-publish","4":"has-post-thumbnail","6":"product_cat-souris-fr","7":"product_cat-souris-a-double-connexion-fr","8":"product_cat-souris-avec-recepteur-usb-fr","10":"first","11":"instock","12":"taxable","13":"shipping-taxable","14":"purchasable","15":"product-type-simple"},"_links":{"self":[{"href":"https:\/\/subblim.com\/fr\/wp-json\/wp\/v2\/product\/81523","targetHints":{"allow":["GET"]}}],"collection":[{"href":"https:\/\/subblim.com\/fr\/wp-json\/wp\/v2\/product"}],"about":[{"href":"https:\/\/subblim.com\/fr\/wp-json\/wp\/v2\/types\/product"}],"version-history":[{"count":0,"href":"https:\/\/subblim.com\/fr\/wp-json\/wp\/v2\/product\/81523\/revisions"}],"wp:featuredmedia":[{"embeddable":true,"href":"https:\/\/subblim.com\/fr\/wp-json\/wp\/v2\/media\/79374"}],"wp:attachment":[{"href":"https:\/\/subblim.com\/fr\/wp-json\/wp\/v2\/media?parent=81523"}],"wp:term":[{"taxonomy":"product_brand","embeddable":true,"href":"https:\/\/subblim.com\/fr\/wp-json\/wp\/v2\/product_brand?post=81523"},{"taxonomy":"product_cat","embeddable":true,"href":"https:\/\/subblim.com\/fr\/wp-json\/wp\/v2\/product_cat?post=81523"},{"taxonomy":"product_tag","embeddable":true,"href":"https:\/\/subblim.com\/fr\/wp-json\/wp\/v2\/product_tag?post=81523"}],"curies":[{"name":"wp","href":"https:\/\/api.w.org\/{rel}","templated":true}]}}