{"id":81520,"date":"2023-11-10T12:39:44","date_gmt":"2023-11-10T11:39:44","guid":{"rendered":"https:\/\/subblim.com\/pure-extended-teclado-extendido-inalambrico-bluetooth-gris-negro\/"},"modified":"2025-06-12T11:54:17","modified_gmt":"2025-06-12T09:54:17","slug":"clavier-bluetooth-sans-fil-pure-extended-gris-noir","status":"publish","type":"product","link":"https:\/\/subblim.com\/fr\/clavier-bluetooth-sans-fil-pure-extended-gris-noir\/","title":{"rendered":"Clavier Bluetooth sans fil Pure Extended gris\/noir"},"content":{"rendered":"<ul>\n<li>Clavier au design \u00e9l\u00e9gant.<\/li>\n<li>Bluetooth multi-appareils.<\/li>\n<li>Int\u00e8gre un pav\u00e9 num\u00e9rique.<\/li>\n<li>Toutes les touches dont vous avez besoin dans un format \u00e9tendu, id\u00e9al pour cr\u00e9er des bureaux minimalistes ou des petits espaces de travail. Gr\u00e2ce \u00e0 la section num\u00e9rique int\u00e9gr\u00e9e, vous pouvez saisir des donn\u00e9es et augmenter votre productivit\u00e9.<\/li>\n<li>Clavier complet ultra-fin avec connectivit\u00e9 Bluetooth 5.1 de derni\u00e8re g\u00e9n\u00e9ration.<\/li>\n<li>Design id\u00e9al pour les petits espaces sans perte de productivit\u00e9 gr\u00e2ce au pav\u00e9 num\u00e9rique int\u00e9gr\u00e9.<\/li>\n<li>Compatible avec Android, iOS, MAC OS et Windows.<\/li>\n<li>Multi-appareils. Tablette, smartphone, ordinateur portable, console ou t\u00e9l\u00e9viseur avec connexion Bluetooth.<br \/> Connectez facilement jusqu&rsquo;\u00e0 3 appareils Bluetooth.<\/li>\n<li>Clavier espagnol avec 110 touches chiclet haute pr\u00e9cision.<\/li>\n<li>Fonctionnement sur piles (nous recommandons l&rsquo;utilisation de piles alcalines).<\/li>\n<li>\u00c9conomie d&rsquo;\u00e9nergie. La version Bluetooth 5.0 ou sup\u00e9rieure offre une consommation d&rsquo;\u00e9nergie r\u00e9duite. Apr\u00e8s quelques minutes d&rsquo;inactivit\u00e9, le clavier se met automatiquement en veille. Appuyez simplement sur n&rsquo;importe quelle touche ou bouton et attendez 2 \u00e0 3 secondes pour qu&rsquo;il se r\u00e9veille automatiquement.<\/li>\n<\/ul>\n<p>&nbsp;<\/p>\n<p>EAN\u00a0: Clavier Pure Extended Silver (SUBKB-2PUE200) 8436586740030\u00a0; Clavier Pure Extended Grey (SUBKB-2PUE201) 8436586740047<\/p>\n","protected":false},"excerpt":{"rendered":"<p>Clavier Bluetooth \u00e9tendu de pointe pour cr\u00e9er un espace minimaliste, moderne et silencieux. Compatible avec jusqu&rsquo;\u00e0 trois appareils, il vous permet de travailler en alternance sur votre t\u00e9l\u00e9phone, votre tablette et votre ordinateur, et dispose d&rsquo;un pav\u00e9 num\u00e9rique pour optimiser votre productivit\u00e9.<\/p>\n","protected":false},"featured_media":77542,"template":"","meta":[],"product_brand":[],"product_cat":[1661,134],"product_tag":[],"class_list":{"0":"post-81520","1":"product","2":"type-product","3":"status-publish","4":"has-post-thumbnail","6":"product_cat-teclados-bluetooth","7":"product_cat-teclados","9":"first","10":"outofstock","11":"taxable","12":"shipping-taxable","13":"purchasable","14":"product-type-simple"},"_links":{"self":[{"href":"https:\/\/subblim.com\/fr\/wp-json\/wp\/v2\/product\/81520","targetHints":{"allow":["GET"]}}],"collection":[{"href":"https:\/\/subblim.com\/fr\/wp-json\/wp\/v2\/product"}],"about":[{"href":"https:\/\/subblim.com\/fr\/wp-json\/wp\/v2\/types\/product"}],"version-history":[{"count":0,"href":"https:\/\/subblim.com\/fr\/wp-json\/wp\/v2\/product\/81520\/revisions"}],"wp:featuredmedia":[{"embeddable":true,"href":"https:\/\/subblim.com\/fr\/wp-json\/wp\/v2\/media\/77542"}],"wp:attachment":[{"href":"https:\/\/subblim.com\/fr\/wp-json\/wp\/v2\/media?parent=81520"}],"wp:term":[{"taxonomy":"product_brand","embeddable":true,"href":"https:\/\/subblim.com\/fr\/wp-json\/wp\/v2\/product_brand?post=81520"},{"taxonomy":"product_cat","embeddable":true,"href":"https:\/\/subblim.com\/fr\/wp-json\/wp\/v2\/product_cat?post=81520"},{"taxonomy":"product_tag","embeddable":true,"href":"https:\/\/subblim.com\/fr\/wp-json\/wp\/v2\/product_tag?post=81520"}],"curies":[{"name":"wp","href":"https:\/\/api.w.org\/{rel}","templated":true}]}}