{"id":81508,"date":"2023-11-10T12:58:57","date_gmt":"2023-11-10T11:58:57","guid":{"rendered":"https:\/\/subblim.com\/raton-business-silencioso-con-cable-usb-1200-dpi-negro\/"},"modified":"2025-09-29T10:25:34","modified_gmt":"2025-09-29T08:25:34","slug":"souris-filaire-usb-silencieuse-1200-ppp-noire","status":"publish","type":"product","link":"https:\/\/subblim.com\/fr\/souris-filaire-usb-silencieuse-1200-ppp-noire\/","title":{"rendered":"Souris professionnelle silencieuse avec c\u00e2ble USB 1200 DPI Noir"},"content":{"rendered":"<ul>\n<li>Connexion par c\u00e2ble USB\u00a0: Plug &#038; Play.<\/li>\n<li>Longueur du c\u00e2ble\u00a0: 150\u00a0cm.<\/li>\n<li>Conception ambidextre ultra-fine et ergonomique.<\/li>\n<li>3\u00a0boutons de fonction.<\/li>\n<li>Pression silencieuse des boutons\u00a0: technologie Silent Click.<\/li>\n<li>Finition\u00a0: noir mat ou blanc mat.<\/li>\n<li>R\u00e9solution\u00a0: 1\u00a0200\u00a0dpi.<\/li>\n<li>Molette de d\u00e9filement antid\u00e9rapante en silicone.<\/li>\n<li>Compatibilit\u00e9\u00a0: Windows, macOS, etc.<\/li>\n<\/ul>\n<p>&nbsp;<\/p>\n<p>EAN\u00a0: Souris filaire professionnelle blanche (SUBMO-B2BS002) 8436586742522\u00a0; Souris filaire professionnelle noire (SUBMO-B2BS001) 8436586742393<\/p>\n","protected":false},"excerpt":{"rendered":"<p>C&rsquo;est notre souris tout-terrain, mais avec un design minimaliste. Cette souris USB filaire s&#8217;emporte partout et prend peu de place. Sa forme ergonomique \u00e9pouse parfaitement la main pour un confort optimal au quotidien. Elle ne vous laissera jamais tomber gr\u00e2ce \u00e0 son c\u00e2ble USB qui permet une connexion instantan\u00e9e.<\/p>\n","protected":false},"featured_media":79197,"template":"","meta":[],"product_brand":[],"product_cat":[2189,2200],"product_tag":[],"class_list":{"0":"post-81508","1":"product","2":"type-product","3":"status-publish","4":"has-post-thumbnail","6":"product_cat-souris-fr","7":"product_cat-souris-avec-cable-usb-fr","8":"product_shipping_class-1-2","10":"first","11":"instock","12":"taxable","13":"shipping-taxable","14":"purchasable","15":"product-type-simple"},"_links":{"self":[{"href":"https:\/\/subblim.com\/fr\/wp-json\/wp\/v2\/product\/81508","targetHints":{"allow":["GET"]}}],"collection":[{"href":"https:\/\/subblim.com\/fr\/wp-json\/wp\/v2\/product"}],"about":[{"href":"https:\/\/subblim.com\/fr\/wp-json\/wp\/v2\/types\/product"}],"version-history":[{"count":0,"href":"https:\/\/subblim.com\/fr\/wp-json\/wp\/v2\/product\/81508\/revisions"}],"wp:featuredmedia":[{"embeddable":true,"href":"https:\/\/subblim.com\/fr\/wp-json\/wp\/v2\/media\/79197"}],"wp:attachment":[{"href":"https:\/\/subblim.com\/fr\/wp-json\/wp\/v2\/media?parent=81508"}],"wp:term":[{"taxonomy":"product_brand","embeddable":true,"href":"https:\/\/subblim.com\/fr\/wp-json\/wp\/v2\/product_brand?post=81508"},{"taxonomy":"product_cat","embeddable":true,"href":"https:\/\/subblim.com\/fr\/wp-json\/wp\/v2\/product_cat?post=81508"},{"taxonomy":"product_tag","embeddable":true,"href":"https:\/\/subblim.com\/fr\/wp-json\/wp\/v2\/product_tag?post=81508"}],"curies":[{"name":"wp","href":"https:\/\/api.w.org\/{rel}","templated":true}]}}