{"id":81469,"date":"2023-11-10T13:23:07","date_gmt":"2023-11-10T12:23:07","guid":{"rendered":"https:\/\/subblim.com\/teclado-bluetooth-2-4g-master-iluminado-extendido-blanco-plata\/"},"modified":"2025-07-01T00:00:17","modified_gmt":"2025-06-30T22:00:17","slug":"clavier-maitre-bluetooth-2-4g-retroeclaire-etendu-blanc-et-argent","status":"publish","type":"product","link":"https:\/\/subblim.com\/fr\/clavier-maitre-bluetooth-2-4g-retroeclaire-etendu-blanc-et-argent\/","title":{"rendered":"Clavier Bluetooth\/2.4G \u00e9clair\u00e9 Master Extended Blanc\/Argent"},"content":{"rendered":"<p>Compl\u00e9tez votre espace de bureau moderne, tout en travaillant \u00e0 distance ou \u00e0 domicile, avec le clavier r\u00e9tro\u00e9clair\u00e9 Bluetooth SUBBLIM Master.<br \/> Con\u00e7u pour les appareils fonctionnant sous Mac\/iOS, Windows ou Android, le clavier Master pr\u00e9sente une disposition \u00e9tendue avec un pav\u00e9 num\u00e9rique, une connectivit\u00e9 Bluetooth et 2,4G multi-appareils et des touches de raccourci optimis\u00e9es pour divers syst\u00e8mes, le tout dans un design ultra-fin et moderne.<\/p>\n<ul>\n<li>\u00c9quip\u00e9 de touches concaves r\u00e9tro\u00e9clair\u00e9es r\u00e9glables et d&rsquo;un port USB-C rechargeable, le clavier vous permet de travailler facilement o\u00f9 et quand votre cr\u00e9ativit\u00e9 vous m\u00e8ne.<\/li>\n<li>Clavier \u00e9tendu \u00e9l\u00e9gant avec connectivit\u00e9 sans fil multi-appareils.<\/li>\n<li>Le clavier sans fil SUBBLIM Master prend en charge 3 appareils via deux canaux avec la technologie sans fil Bluetooth 5.2 et un via un r\u00e9cepteur USB RF 2,4G.<\/li>\n<li>La version 5.2 offre une meilleure connectivit\u00e9 avec une consommation d&rsquo;\u00e9nergie r\u00e9duite.<\/li>\n<li>Touches r\u00e9tro\u00e9clair\u00e9es avec jusqu&rsquo;\u00e0 7 couleurs s\u00e9lectionnables. Ergonomique, discret et concave pour un confort et une pr\u00e9cision optimaux. Fonctionnement silencieux. Les touches silencieuses et pr\u00e9cises offrent une frappe tactile naturelle et silencieuse. Rechargeable via un port de charge de type C. Batterie au lithium longue dur\u00e9e de 1\u00a0500 mAh. Support \u00e0 l&rsquo;arri\u00e8re pour tablette ou t\u00e9l\u00e9phone portable. Basculez tr\u00e8s facilement entre diff\u00e9rents appareils en appuyant sur le s\u00e9lecteur de mode. Il est id\u00e9al pour la maison, le bureau, pour utiliser votre smartphone, ordinateur portable, iPad ou tablette. Compatible avec les appareils Windows\u00ae 8\/10\/11, Android\u2122, iOS\/iPadOS 13 et macOS. Con\u00e7u pour une productivit\u00e9 accrue et portable pour une saisie de donn\u00e9es efficace gr\u00e2ce au pav\u00e9 num\u00e9rique int\u00e9gr\u00e9. EAN\u00a0: Clavier ma\u00eetre double blanc\/argent\u00e9 (SUBKB-3MIE300) 8436586742652\u00a0; Clavier ma\u00eetre double gris\/noir (SUBKB-3MIE310) 8436586742669<\/p>\n","protected":false},"excerpt":{"rendered":"<p>La fronti\u00e8re entre loisirs et travail s&rsquo;estompe gr\u00e2ce \u00e0 un clavier r\u00e9tro\u00e9clair\u00e9 \u00e9tendu et \u00e0 une double connectivit\u00e9 Bluetooth ou RF. Le clavier ma\u00eetre SUBBLIM vous permet de travailler sans limites.<\/p>\n","protected":false},"featured_media":79292,"template":"","meta":[],"product_brand":[],"product_cat":[1756,1782,1787],"product_tag":[],"class_list":{"0":"post-81469","1":"product","2":"type-product","3":"status-publish","4":"has-post-thumbnail","6":"product_cat-claviers-fr","7":"product_cat-claviers-doubles-fr","8":"product_cat-claviers-etendus-fr","10":"first","11":"outofstock","12":"taxable","13":"shipping-taxable","14":"purchasable","15":"product-type-simple"},"_links":{"self":[{"href":"https:\/\/subblim.com\/fr\/wp-json\/wp\/v2\/product\/81469","targetHints":{"allow":["GET"]}}],"collection":[{"href":"https:\/\/subblim.com\/fr\/wp-json\/wp\/v2\/product"}],"about":[{"href":"https:\/\/subblim.com\/fr\/wp-json\/wp\/v2\/types\/product"}],"version-history":[{"count":0,"href":"https:\/\/subblim.com\/fr\/wp-json\/wp\/v2\/product\/81469\/revisions"}],"wp:featuredmedia":[{"embeddable":true,"href":"https:\/\/subblim.com\/fr\/wp-json\/wp\/v2\/media\/79292"}],"wp:attachment":[{"href":"https:\/\/subblim.com\/fr\/wp-json\/wp\/v2\/media?parent=81469"}],"wp:term":[{"taxonomy":"product_brand","embeddable":true,"href":"https:\/\/subblim.com\/fr\/wp-json\/wp\/v2\/product_brand?post=81469"},{"taxonomy":"product_cat","embeddable":true,"href":"https:\/\/subblim.com\/fr\/wp-json\/wp\/v2\/product_cat?post=81469"},{"taxonomy":"product_tag","embeddable":true,"href":"https:\/\/subblim.com\/fr\/wp-json\/wp\/v2\/product_tag?post=81469"}],"curies":[{"name":"wp","href":"https:\/\/api.w.org\/{rel}","templated":true}]}}