{"id":81466,"date":"2023-11-10T13:23:07","date_gmt":"2023-11-10T12:23:07","guid":{"rendered":"https:\/\/subblim.com\/teclado-bluetooth-smart-para-tablet-o-ipad-gris-negro\/"},"modified":"2026-03-02T03:55:15","modified_gmt":"2026-03-02T02:55:15","slug":"clavier-intelligent-bluetooth-pour-tablette-ou-ipad-gris-et-noir","status":"publish","type":"product","link":"https:\/\/subblim.com\/fr\/clavier-intelligent-bluetooth-pour-tablette-ou-ipad-gris-et-noir\/","title":{"rendered":"Clavier intelligent Bluetooth pour tablette ou iPad Gris\/Noir"},"content":{"rendered":"<p>Le clavier Bluetooth SMART est un clavier ultra-fin et ultra-l\u00e9ger pour taper n&rsquo;importe o\u00f9, n&rsquo;importe quand. Connectez votre clavier \u00e0 votre t\u00e9l\u00e9phone, tablette ou lecteur multim\u00e9dia pr\u00e9f\u00e9r\u00e9 gr\u00e2ce \u00e0 la connectivit\u00e9 sans fil Bluetooth 3.0 pour des possibilit\u00e9s infinies et travaillez o\u00f9 que vous soyez.<\/p>\n<ul>\n<li>Clavier pour tablette, smartphone ou PC avec connectivit\u00e9 sans fil Bluetooth 3.0.<\/li>\n<li>Compatible avec les appareils Apple, Android, Windows et Smart TV.<\/li>\n<li>Design fin, seulement 6 mm d&rsquo;\u00e9paisseur et compact.<\/li>\n<li>Technologie de membrane haute pr\u00e9cision.<\/li>\n<li>Touches chiclet carr\u00e9es.<\/li>\n<li>Batterie au lithium longue dur\u00e9e\u00a0: jusqu&rsquo;\u00e0 30\u00a0jours d&rsquo;utilisation.<\/li>\n<li>Base m\u00e9tallique compatible avec les \u00e9tuis magn\u00e9tiques.<\/li>\n<li>Connecteur micro-USB lat\u00e9ral pour le chargement.<\/li>\n<li>C\u00e2ble de chargement micro-USB inclus.<\/li>\n<li>Installation 100\u00a0% facile.<\/li>\n<\/ul>\n<p>&nbsp;<\/p>\n<p>EAN\u00a0: Smart BT Keyboard Silver (SUB-KBT-SM0001) 8436586740566\u00a0; Clavier intelligent BT gris (SUB-KBT-SM0002) 8436586740573<\/p>\n","protected":false},"excerpt":{"rendered":"<p>Am\u00e9liorez vos performances en r\u00e9digeant des e-mails, des articles ou des rapports sur votre tablette comme si vous travailliez sur un ordinateur. Gr\u00e2ce \u00e0 son format compact, vous pouvez l&#8217;emporter avec votre tablette, dans son \u00e9tui, dans une mallette ou dans un sac.<\/p>\n","protected":false},"featured_media":77635,"template":"","meta":[],"product_brand":[],"product_cat":[1661,137,134],"product_tag":[],"class_list":{"0":"post-81466","1":"product","2":"type-product","3":"status-publish","4":"has-post-thumbnail","6":"product_cat-teclados-bluetooth","7":"product_cat-teclados-para-tablet","8":"product_cat-teclados","10":"first","11":"instock","12":"taxable","13":"shipping-taxable","14":"purchasable","15":"product-type-simple"},"_links":{"self":[{"href":"https:\/\/subblim.com\/fr\/wp-json\/wp\/v2\/product\/81466","targetHints":{"allow":["GET"]}}],"collection":[{"href":"https:\/\/subblim.com\/fr\/wp-json\/wp\/v2\/product"}],"about":[{"href":"https:\/\/subblim.com\/fr\/wp-json\/wp\/v2\/types\/product"}],"version-history":[{"count":0,"href":"https:\/\/subblim.com\/fr\/wp-json\/wp\/v2\/product\/81466\/revisions"}],"wp:featuredmedia":[{"embeddable":true,"href":"https:\/\/subblim.com\/fr\/wp-json\/wp\/v2\/media\/77635"}],"wp:attachment":[{"href":"https:\/\/subblim.com\/fr\/wp-json\/wp\/v2\/media?parent=81466"}],"wp:term":[{"taxonomy":"product_brand","embeddable":true,"href":"https:\/\/subblim.com\/fr\/wp-json\/wp\/v2\/product_brand?post=81466"},{"taxonomy":"product_cat","embeddable":true,"href":"https:\/\/subblim.com\/fr\/wp-json\/wp\/v2\/product_cat?post=81466"},{"taxonomy":"product_tag","embeddable":true,"href":"https:\/\/subblim.com\/fr\/wp-json\/wp\/v2\/product_tag?post=81466"}],"curies":[{"name":"wp","href":"https:\/\/api.w.org\/{rel}","templated":true}]}}