{"id":81436,"date":"2023-11-10T13:31:03","date_gmt":"2023-11-10T12:31:03","guid":{"rendered":"https:\/\/subblim.com\/teclado-con-raton-bluetooth-2-4g-combo-multidispositivo-compacto-gris-negro\/"},"modified":"2026-03-02T03:55:15","modified_gmt":"2026-03-02T02:55:15","slug":"ensemble-clavier-et-souris-bluetooth-24-g-multi-appareils-compact-gris-noir","status":"publish","type":"product","link":"https:\/\/subblim.com\/fr\/ensemble-clavier-et-souris-bluetooth-24-g-multi-appareils-compact-gris-noir\/","title":{"rendered":"Clavier et souris Bluetooth + combo compact multi-appareils 2,4\u00a0GHz Gris Noir"},"content":{"rendered":"<p>La taille de ces accessoires facilite le travail dans les espaces de bureau les plus restreints et constitue l&rsquo;association clavier et souris id\u00e9ale pour les d\u00e9placements ou les r\u00e9unions d&rsquo;affaires. <\/p>\n<ul>\n<li>Avec une connectivit\u00e9 sans fil multi-appareils\u00a0: le SUBBLIM Combo est id\u00e9al si vous souhaitez travailler avec plusieurs appareils simultan\u00e9ment. Sa fonctionnalit\u00e9 de triple appairage vous permet de connecter jusqu&rsquo;\u00e0 trois appareils au clavier, deux via la technologie sans fil Bluetooth et un via la fr\u00e9quence radio 2,4\u00a0G. Vous pouvez connecter simultan\u00e9ment votre ordinateur portable, votre t\u00e9l\u00e9phone portable et votre tablette, et passer de l&rsquo;un \u00e0 l&rsquo;autre tr\u00e8s facilement.\n<p>Passez facilement d&rsquo;un appareil \u00e0 l&rsquo;autre en appuyant sur le s\u00e9lecteur de mode du clavier et de la souris.<\/li>\n<li>\n<p>Le clavier sans fil SUBBLIM prend en charge 3 appareils via deux canaux avec la technologie sans fil Bluetooth 5.2 et un via un r\u00e9cepteur USB RF 2,4 GHz.<\/li>\n<li>\n<p>La souris prend en charge 2 appareils, un canal avec la technologie sans fil Bluetooth 5.2 et un via le r\u00e9cepteur USB.<\/li>\n<li>\n<p>Compatible avec les appareils Windows\u00ae 8\/10\/11, Android\u2122, iOS\/iPadOS 13 et MacOs.<\/li>\n<li>\n<p>R\u00e9cepteur unique\u00a0: le r\u00e9cepteur USB est partag\u00e9 entre le clavier et la souris, unifiant les deux et n&rsquo;occupant qu&rsquo;un seul port sur l&rsquo;appareil.<\/li>\n<li>\n<p>Utilisations multiples\u00a0: il est id\u00e9al pour la maison, le bureau, pour une utilisation avec votre smartphone, ordinateur portable, iPad, tablette Android ou Windows, consoles de jeux vid\u00e9o ou Smart TV.<\/li>\n<li>\n<p>Contr\u00f4le pratique\u00a0: avec douze Gr\u00e2ce aux touches de fonction multim\u00e9dia*, acc\u00e9dez instantan\u00e9ment \u00e0 vos fonctions pr\u00e9f\u00e9r\u00e9es. Basculez facilement entre les fonctions les plus fr\u00e9quemment utilis\u00e9es pour chaque syst\u00e8me d&rsquo;exploitation, que ce soit sur votre PC Windows, votre iPhone ou votre appareil Android. Vous aurez un acc\u00e8s rapide aux commandes de l&rsquo;appareil pour iOS et Android, telles que le bouton d&rsquo;accueil, l&rsquo;activation de la fonction de recherche, la prise de photos instantan\u00e9es, le contr\u00f4le de vos m\u00e9dias ou le verrouillage de votre appareil.<\/li>\n<li>*La compatibilit\u00e9 des touches de fonction varie selon le syst\u00e8me d&rsquo;exploitation.<\/li>\n<li>Fonctionnement silencieux : les touches silencieuses et pr\u00e9cises offrent une frappe tactile naturelle avec moins de bruit.<\/li>\n<li>Con\u00e7u pour une plus grande productivit\u00e9 et portable pour une saisie de donn\u00e9es efficace.<\/li>\n<li>\n<p>La souris haute pr\u00e9cision jusqu&rsquo;\u00e0 1600 DPI est \u00e9galement dot\u00e9e de boutons silencieux et d&rsquo;une batterie rechargeable longue dur\u00e9e.<\/li>\n<li>\n<p>Clavier en espagnol.<\/li>\n<li>\n<p>Souris ambidextre ultra-fine.<\/li>\n<\/ul>\n<p>EAN : Combo multi-appareils compact blanc (SUBKBC-OCO010) 8436586742164 ; Combo compact multi-appareils noir (SUBKBC-OCO020) 8436586742171<\/p>\n","protected":false},"excerpt":{"rendered":"<p>Cr\u00e9ez un espace minimaliste, moderne et silencieux gr\u00e2ce \u00e0 cette combinaison compacte de technologies Bluetooth et sans fil 2,4G. L&rsquo;association id\u00e9ale pour une gestion efficace des t\u00e2ches, vous permettant de basculer entre votre ordinateur portable, votre tablette, votre t\u00e9l\u00e9phone portable ou tout autre appareil.<\/p>\n","protected":false},"featured_media":78247,"template":"","meta":[],"product_brand":[],"product_cat":[1786,1783,1780],"product_tag":[],"class_list":{"0":"post-81436","1":"product","2":"type-product","3":"status-publish","4":"has-post-thumbnail","6":"product_cat-claviers-et-souris-fr","7":"product_cat-combo-clavier-souris","8":"product_cat-combo-dual-fr","10":"first","11":"instock","12":"taxable","13":"shipping-taxable","14":"purchasable","15":"product-type-simple"},"_links":{"self":[{"href":"https:\/\/subblim.com\/fr\/wp-json\/wp\/v2\/product\/81436","targetHints":{"allow":["GET"]}}],"collection":[{"href":"https:\/\/subblim.com\/fr\/wp-json\/wp\/v2\/product"}],"about":[{"href":"https:\/\/subblim.com\/fr\/wp-json\/wp\/v2\/types\/product"}],"version-history":[{"count":0,"href":"https:\/\/subblim.com\/fr\/wp-json\/wp\/v2\/product\/81436\/revisions"}],"wp:featuredmedia":[{"embeddable":true,"href":"https:\/\/subblim.com\/fr\/wp-json\/wp\/v2\/media\/78247"}],"wp:attachment":[{"href":"https:\/\/subblim.com\/fr\/wp-json\/wp\/v2\/media?parent=81436"}],"wp:term":[{"taxonomy":"product_brand","embeddable":true,"href":"https:\/\/subblim.com\/fr\/wp-json\/wp\/v2\/product_brand?post=81436"},{"taxonomy":"product_cat","embeddable":true,"href":"https:\/\/subblim.com\/fr\/wp-json\/wp\/v2\/product_cat?post=81436"},{"taxonomy":"product_tag","embeddable":true,"href":"https:\/\/subblim.com\/fr\/wp-json\/wp\/v2\/product_tag?post=81436"}],"curies":[{"name":"wp","href":"https:\/\/api.w.org\/{rel}","templated":true}]}}