{"id":81412,"date":"2023-11-10T13:35:58","date_gmt":"2023-11-10T12:35:58","guid":{"rendered":"https:\/\/subblim.com\/teclado-retroiluminado-bluetooth-smart-para-tablet-o-ipad-blanco-plata\/"},"modified":"2026-04-13T09:12:37","modified_gmt":"2026-04-13T07:12:37","slug":"clavier-intelligent-bluetooth-retroeclaire-pour-tablette-ou-ipad-blanc-et-argent","status":"publish","type":"product","link":"https:\/\/subblim.com\/fr\/clavier-intelligent-bluetooth-retroeclaire-pour-tablette-ou-ipad-blanc-et-argent\/","title":{"rendered":"Clavier Bluetooth intelligent r\u00e9tro\u00e9clair\u00e9 pour tablette ou iPad Blanc Argent"},"content":{"rendered":"<p>Naviguez sur votre tablette avec les mouvements et gestes que vous connaissez d\u00e9j\u00e0 ou d\u00e9placez le pointeur pour \u00e9diter facilement des documents ou des pr\u00e9sentations.<\/p>\n<p>La batterie au lithium longue dur\u00e9e que le clavier Bluetooth int\u00e8gre vous permettra de travailler pendant de longues p\u00e9riodes et vous pourrez la recharger via le port MicroUSB.<\/p>\n<ul>\n<li>Clavier pour tablette, smartphone ou PC avec connectivit\u00e9 sans fil Bluetooth 3.0.<\/li>\n<li>Touches avec \u00e9clairage jusqu&rsquo;\u00e0 7 couleurs r\u00e9glables. Id\u00e9al pour travailler dans des conditions de faible luminosit\u00e9.<\/li>\n<li>Int\u00e8gre un pav\u00e9 tactile qui le transforme en un poste de travail complet.<\/li>\n<li>Compatible avec les appareils Apple, Android, Windows et Smart TV.<\/li>\n<li>Design fin avec seulement 6 mm d&rsquo;\u00e9paisseur et compact.<\/li>\n<li>Technologie de membrane de haute pr\u00e9cision.<\/li>\n<li>Touches chiclet carr\u00e9es.<\/li>\n<li>Batterie au lithium longue dur\u00e9e : jusqu&rsquo;\u00e0 30 jours d&rsquo;utilisation.<\/li>\n<li>Base en m\u00e9tal compatible avec les \u00e9tuis magn\u00e9tiques.<\/li>\n<li>Connecteur lat\u00e9ral micro-USB pour le chargement.<\/li>\n<li>C\u00e2ble de chargement micro-USB inclus.<\/li>\n<li>Installation 100 % facile.<\/li>\n<\/ul>\n<p>&nbsp;<\/p>\n<p>EAN : Smart Backlit Touchpad BT Keyboard Silver (SUB-KBT-SMBT50) 8436586740603 ; Clavier tactile intelligent r\u00e9tro\u00e9clair\u00e9 BT gris (SUB-KBT-SMBT51) 8436586740610<\/p>\n","protected":false},"excerpt":{"rendered":"<p>Travaillez d\u00e9sormais comme un pro et profitez au maximum de votre tablette gr\u00e2ce \u00e0 ce clavier Bluetooth de derni\u00e8re g\u00e9n\u00e9ration dot\u00e9 d&rsquo;un pav\u00e9 tactile ultra-pr\u00e9cis et de touches r\u00e9tro\u00e9clair\u00e9es.<\/p>\n","protected":false},"featured_media":77695,"template":"","meta":[],"product_brand":[],"product_cat":[1756,1781,2218],"product_tag":[],"class_list":{"0":"post-81412","1":"product","2":"type-product","3":"status-publish","4":"has-post-thumbnail","6":"product_cat-claviers-fr","7":"product_cat-claviers-bluetooth-fr","8":"product_cat-claviers-pour-tablette-fr","10":"first","11":"instock","12":"taxable","13":"shipping-taxable","14":"purchasable","15":"product-type-simple"},"_links":{"self":[{"href":"https:\/\/subblim.com\/fr\/wp-json\/wp\/v2\/product\/81412","targetHints":{"allow":["GET"]}}],"collection":[{"href":"https:\/\/subblim.com\/fr\/wp-json\/wp\/v2\/product"}],"about":[{"href":"https:\/\/subblim.com\/fr\/wp-json\/wp\/v2\/types\/product"}],"version-history":[{"count":0,"href":"https:\/\/subblim.com\/fr\/wp-json\/wp\/v2\/product\/81412\/revisions"}],"wp:featuredmedia":[{"embeddable":true,"href":"https:\/\/subblim.com\/fr\/wp-json\/wp\/v2\/media\/77695"}],"wp:attachment":[{"href":"https:\/\/subblim.com\/fr\/wp-json\/wp\/v2\/media?parent=81412"}],"wp:term":[{"taxonomy":"product_brand","embeddable":true,"href":"https:\/\/subblim.com\/fr\/wp-json\/wp\/v2\/product_brand?post=81412"},{"taxonomy":"product_cat","embeddable":true,"href":"https:\/\/subblim.com\/fr\/wp-json\/wp\/v2\/product_cat?post=81412"},{"taxonomy":"product_tag","embeddable":true,"href":"https:\/\/subblim.com\/fr\/wp-json\/wp\/v2\/product_tag?post=81412"}],"curies":[{"name":"wp","href":"https:\/\/api.w.org\/{rel}","templated":true}]}}