{"id":81406,"date":"2023-11-10T13:35:59","date_gmt":"2023-11-10T12:35:59","guid":{"rendered":"https:\/\/subblim.com\/teclado-retroiluminado-smart-bluetooth-para-tablet-o-ipad-blanco-plata\/"},"modified":"2026-03-02T03:55:16","modified_gmt":"2026-03-02T02:55:16","slug":"clavier-bluetooth-intelligent-retroeclaire-pour-tablette-ou-ipad-blanc-et-argent","status":"publish","type":"product","link":"https:\/\/subblim.com\/fr\/clavier-bluetooth-intelligent-retroeclaire-pour-tablette-ou-ipad-blanc-et-argent\/","title":{"rendered":"Clavier Bluetooth intelligent r\u00e9tro\u00e9clair\u00e9 pour tablette ou iPad Blanc Argent"},"content":{"rendered":"<p>Gr\u00e2ce \u00e0 la connectivit\u00e9 Bluetooth 3.0, il est compatible avec la grande majorit\u00e9 des appareils portables tels que tablettes, smartphones ou ordinateurs portables et avec diff\u00e9rents syst\u00e8mes tels qu&rsquo;Android, iOS ou Windows.<\/p>\n<ul>\n<li>Clavier pour tablette, smartphone ou PC avec connectivit\u00e9 sans fil Bluetooth 3.0.<\/li>\n<li>Compatible avec les appareils Apple, Android, Windows et Smart TV.<\/li>\n<li>Touches avec \u00e9clairage jusqu&rsquo;\u00e0 7 couleurs r\u00e9glables.\n<p>Parfait pour travailler dans des conditions de faible luminosit\u00e9.<\/li>\n<li>Design fin avec seulement 6 mm d&rsquo;\u00e9paisseur et format compact.<\/li>\n<li>Technologie de membrane haute pr\u00e9cision.<\/li>\n<li>Touches chiclet carr\u00e9es.<\/li>\n<li>Batterie au lithium longue dur\u00e9e\u00a0: jusqu&rsquo;\u00e0 30\u00a0jours d&rsquo;utilisation.<\/li>\n<li>Base m\u00e9tallique compatible avec les \u00e9tuis magn\u00e9tiques.<\/li>\n<li>Connecteur micro-USB lat\u00e9ral pour la charge.<\/li>\n<li>C\u00e2ble de charge micro-USB inclus.<\/li>\n<li>Installation 100\u00a0% facile.<\/li>\n<\/ul>\n<p>&nbsp;<\/p>\n<p>EAN\u00a0: Clavier intelligent r\u00e9tro\u00e9clair\u00e9 BT argent (SUB-KBT-SMBL30) 8336586740580\u00a0; Clavier intelligent r\u00e9tro\u00e9clair\u00e9 BT gris (SUB-KBT-SMBL31) 8436586740597<\/p>\n","protected":false},"excerpt":{"rendered":"<p>Le Smart Backlit BT est le clavier id\u00e9al \u00e0 emporter partout gr\u00e2ce \u00e0 sa taille compacte et son poids ultra-l\u00e9ger. Les touches r\u00e9tro\u00e9clair\u00e9es, disponibles en sept couleurs r\u00e9glables, facilitent la saisie dans des conditions de faible luminosit\u00e9.<\/p>\n","protected":false},"featured_media":77650,"template":"","meta":[],"product_brand":[],"product_cat":[1756,1781,1786,2218],"product_tag":[],"class_list":{"0":"post-81406","1":"product","2":"type-product","3":"status-publish","4":"has-post-thumbnail","6":"product_cat-claviers-fr","7":"product_cat-claviers-bluetooth-fr","8":"product_cat-claviers-et-souris-fr","9":"product_cat-claviers-pour-tablette-fr","11":"first","12":"instock","13":"taxable","14":"shipping-taxable","15":"purchasable","16":"product-type-simple"},"_links":{"self":[{"href":"https:\/\/subblim.com\/fr\/wp-json\/wp\/v2\/product\/81406","targetHints":{"allow":["GET"]}}],"collection":[{"href":"https:\/\/subblim.com\/fr\/wp-json\/wp\/v2\/product"}],"about":[{"href":"https:\/\/subblim.com\/fr\/wp-json\/wp\/v2\/types\/product"}],"version-history":[{"count":0,"href":"https:\/\/subblim.com\/fr\/wp-json\/wp\/v2\/product\/81406\/revisions"}],"wp:featuredmedia":[{"embeddable":true,"href":"https:\/\/subblim.com\/fr\/wp-json\/wp\/v2\/media\/77650"}],"wp:attachment":[{"href":"https:\/\/subblim.com\/fr\/wp-json\/wp\/v2\/media?parent=81406"}],"wp:term":[{"taxonomy":"product_brand","embeddable":true,"href":"https:\/\/subblim.com\/fr\/wp-json\/wp\/v2\/product_brand?post=81406"},{"taxonomy":"product_cat","embeddable":true,"href":"https:\/\/subblim.com\/fr\/wp-json\/wp\/v2\/product_cat?post=81406"},{"taxonomy":"product_tag","embeddable":true,"href":"https:\/\/subblim.com\/fr\/wp-json\/wp\/v2\/product_tag?post=81406"}],"curies":[{"name":"wp","href":"https:\/\/api.w.org\/{rel}","templated":true}]}}