{"id":81370,"date":"2024-02-05T10:51:54","date_gmt":"2024-02-05T09:51:54","guid":{"rendered":"https:\/\/subblim.com\/glide-vertical-ergo-wired-mouse-white\/"},"modified":"2026-03-02T03:55:17","modified_gmt":"2026-03-02T02:55:17","slug":"souris-filaire-ergonomique-verticale-glide-blanche","status":"publish","type":"product","link":"https:\/\/subblim.com\/fr\/souris-filaire-ergonomique-verticale-glide-blanche\/","title":{"rendered":"Souris filaire Glide Vertical Ergo blanche"},"content":{"rendered":"<p>Sa conception innovante place votre bras et votre poignet dans une position naturelle, r\u00e9duisant consid\u00e9rablement la tension exerc\u00e9e sur ces zones du corps. Cette souris filaire privil\u00e9gie non seulement le confort, mais aussi la productivit\u00e9. Gr\u00e2ce \u00e0 sa conception intelligente, vous pouvez faire d\u00e9filer et cliquer de mani\u00e8re fluide et pr\u00e9cise. Ses boutons faciles d&rsquo;acc\u00e8s et sa connexion filaire sont \u00e9galement d&rsquo;excellentes fonctionnalit\u00e9s suppl\u00e9mentaires.<\/p>\n<p>\u2022 Sa conception verticale ergonomique offre une utilisation confortable et plus naturelle pour la main droite.<\/p>\n<p>\u2022 R\u00e9duit les tensions musculaires de l&rsquo;avant-bras et les douleurs au poignet. Il est parfait pour les mains moyennes \u00e0 grandes.<\/p>\n<p>\u2022 Connectivit\u00e9 filaire via le port de connexion USB<\/p>\n<p>\u2022 Compatible avec les appareils Windows\u00ae 8\/10\/11, Android\u2122, iOS\/iPadOS 13 et MacOs.<\/p>\n<p>\u2022 Il dispose d&rsquo;un total de 6 boutons, dont deux sur les c\u00f4t\u00e9s align\u00e9s avec le pouce, ce qui facilite les d\u00e9placements rapides vers l&rsquo;avant ou vers l&rsquo;arri\u00e8re.<\/p>\n<p>\u2022 Pression silencieuse des boutons : technologie Silent Click.<\/p>\n<p>\u2022 Molette de d\u00e9filement en silicone antid\u00e9rapante avec d\u00e9tails chrom\u00e9s<\/p>\n<p>\u2022 Jusqu&rsquo;\u00e0 1\u00a0600 dpi s\u00e9lectionnables pour une pr\u00e9cision maximale.<\/p>\n","protected":false},"excerpt":{"rendered":"<p> Vous avez ici l&rsquo;une des souris filaires les plus compl\u00e8tes du march\u00e9.<\/p>\n","protected":false},"featured_media":80928,"template":"","meta":[],"product_brand":[],"product_cat":[1735,439,1712],"product_tag":[],"class_list":{"0":"post-81370","1":"product","2":"type-product","3":"status-publish","4":"has-post-thumbnail","6":"product_cat-ergonomia","7":"product_cat-con-cable-usb","8":"product_cat-ratones-ergonomicos","10":"first","11":"instock","12":"taxable","13":"shipping-taxable","14":"purchasable","15":"product-type-simple"},"_links":{"self":[{"href":"https:\/\/subblim.com\/fr\/wp-json\/wp\/v2\/product\/81370","targetHints":{"allow":["GET"]}}],"collection":[{"href":"https:\/\/subblim.com\/fr\/wp-json\/wp\/v2\/product"}],"about":[{"href":"https:\/\/subblim.com\/fr\/wp-json\/wp\/v2\/types\/product"}],"version-history":[{"count":0,"href":"https:\/\/subblim.com\/fr\/wp-json\/wp\/v2\/product\/81370\/revisions"}],"wp:featuredmedia":[{"embeddable":true,"href":"https:\/\/subblim.com\/fr\/wp-json\/wp\/v2\/media\/80928"}],"wp:attachment":[{"href":"https:\/\/subblim.com\/fr\/wp-json\/wp\/v2\/media?parent=81370"}],"wp:term":[{"taxonomy":"product_brand","embeddable":true,"href":"https:\/\/subblim.com\/fr\/wp-json\/wp\/v2\/product_brand?post=81370"},{"taxonomy":"product_cat","embeddable":true,"href":"https:\/\/subblim.com\/fr\/wp-json\/wp\/v2\/product_cat?post=81370"},{"taxonomy":"product_tag","embeddable":true,"href":"https:\/\/subblim.com\/fr\/wp-json\/wp\/v2\/product_tag?post=81370"}],"curies":[{"name":"wp","href":"https:\/\/api.w.org\/{rel}","templated":true}]}}