{"id":81364,"date":"2024-02-05T10:52:03","date_gmt":"2024-02-05T09:52:03","guid":{"rendered":"https:\/\/subblim.com\/curve-ergo-dual-mouse-battery-white\/"},"modified":"2026-03-02T03:55:18","modified_gmt":"2026-03-02T02:55:18","slug":"souris-double-curve-ergo-a-batterie-blanche","status":"publish","type":"product","link":"https:\/\/subblim.com\/fr\/souris-double-curve-ergo-a-batterie-blanche\/","title":{"rendered":"Souris double Curve Ergo \u00e0 piles, blanche"},"content":{"rendered":"<p>Avec son design ergonomique \u00e9l\u00e9gant et son repose-pouce confortable, cette souris est con\u00e7ue pour offrir un confort maximal et pr\u00e9venir la fatigue pendant des heures d&rsquo;utilisation. Sa double connectivit\u00e9 permet une utilisation sans souci par radiofr\u00e9quence avec son r\u00e9cepteur USB ou Bluetooth 5.1. De plus, sa surface antid\u00e9rapante aux c\u00f4t\u00e9s \u00e0 motifs assure une prise en main s\u00fbre. Gr\u00e2ce \u00e0 sa batterie rechargeable longue dur\u00e9e et \u00e0 la technologie Silent Click, profitez d&rsquo;une exp\u00e9rience utilisateur silencieuse et pr\u00e9cise.<\/p>\n<p>\u2022 Design ergonomique \u00e9l\u00e9gant avec repose-pouce qui pr\u00e9vient la fatigue, offre un meilleur contr\u00f4le des mouvements et r\u00e9duit les risques de blessures.<\/p>\n<p>\u2022 Con\u00e7u pour les droitiers et antid\u00e9rapant gr\u00e2ce \u00e0 la gravure lat\u00e9rale.<\/p>\n<p>\u2022 Connectivit\u00e9 radiofr\u00e9quence double avec r\u00e9cepteur USB et Bluetooth 5.1<\/p>\n<p>\u2022 Batterie rechargeable de 500 mAh (c\u00e2ble USB C inclus) pour une utilisation intensive longue dur\u00e9e.<\/p>\n<p>\u2022 Compatible avec les appareils Windows\u00ae 8\/10\/11, Android\u2122, iOS\/iPadOS 13 et MacOs.<\/p>\n<p>\u2022 Il dispose d&rsquo;un total de 6 boutons, dont deux sur les c\u00f4t\u00e9s align\u00e9s avec le pouce, ce qui facilite les d\u00e9placements vers l&rsquo;avant ou vers l&rsquo;arri\u00e8re avec agilit\u00e9.<\/p>\n<p>\u2022 Pression silencieuse des boutons\u00a0: technologie Silent Click.<\/p>\n<p>\u2022 Molette de d\u00e9filement en silicone. Antid\u00e9rapante avec d\u00e9tails chrom\u00e9s.<\/p>\n<p>\u2022 800 dpi, 1200 dpi et jusqu&rsquo;\u00e0 1600 dpi pour une pr\u00e9cision maximale<\/p>\n<p>&nbsp;<\/p>\n<p>&nbsp;<\/p>\n","protected":false},"excerpt":{"rendered":"<p>Avec son design ergonomique \u00e9l\u00e9gant et son repose-pouce confortable, cette souris est con\u00e7ue pour offrir un confort maximal et pr\u00e9venir la fatigue pendant des heures d&rsquo;utilisation. Sa double connectivit\u00e9 permet une utilisation sans souci par radiofr\u00e9quence avec son r\u00e9cepteur USB ou Bluetooth 5.1. De plus, sa surface antid\u00e9rapante aux c\u00f4t\u00e9s \u00e0 motifs assure une prise [&hellip;]<\/p>\n","protected":false},"featured_media":80435,"template":"","meta":[],"product_brand":[],"product_cat":[1849,2186,2187],"product_tag":[],"class_list":{"0":"post-81364","1":"product","2":"type-product","3":"status-publish","4":"has-post-thumbnail","6":"product_cat-ergonomie-fr","7":"product_cat-souris-a-double-connexion-fr","8":"product_cat-souris-ergonomiques-fr","10":"first","11":"instock","12":"taxable","13":"shipping-taxable","14":"purchasable","15":"product-type-simple"},"_links":{"self":[{"href":"https:\/\/subblim.com\/fr\/wp-json\/wp\/v2\/product\/81364","targetHints":{"allow":["GET"]}}],"collection":[{"href":"https:\/\/subblim.com\/fr\/wp-json\/wp\/v2\/product"}],"about":[{"href":"https:\/\/subblim.com\/fr\/wp-json\/wp\/v2\/types\/product"}],"version-history":[{"count":0,"href":"https:\/\/subblim.com\/fr\/wp-json\/wp\/v2\/product\/81364\/revisions"}],"wp:featuredmedia":[{"embeddable":true,"href":"https:\/\/subblim.com\/fr\/wp-json\/wp\/v2\/media\/80435"}],"wp:attachment":[{"href":"https:\/\/subblim.com\/fr\/wp-json\/wp\/v2\/media?parent=81364"}],"wp:term":[{"taxonomy":"product_brand","embeddable":true,"href":"https:\/\/subblim.com\/fr\/wp-json\/wp\/v2\/product_brand?post=81364"},{"taxonomy":"product_cat","embeddable":true,"href":"https:\/\/subblim.com\/fr\/wp-json\/wp\/v2\/product_cat?post=81364"},{"taxonomy":"product_tag","embeddable":true,"href":"https:\/\/subblim.com\/fr\/wp-json\/wp\/v2\/product_tag?post=81364"}],"curies":[{"name":"wp","href":"https:\/\/api.w.org\/{rel}","templated":true}]}}