{"id":78536,"date":"2025-06-24T10:39:56","date_gmt":"2025-06-24T08:39:56","guid":{"rendered":"https:\/\/subblim.com\/cable-plus-100w-c-c-1m-white\/"},"modified":"2026-04-02T06:27:14","modified_gmt":"2026-04-02T04:27:14","slug":"cable-plus-100w-cc-1m-blanc","status":"publish","type":"product","link":"https:\/\/subblim.com\/fr\/cable-plus-100w-cc-1m-blanc\/","title":{"rendered":"C\u00e2ble Plus 100 W DC 1 m Blanc"},"content":{"rendered":"<p>D\u00e9couvrez le nouveau c\u00e2ble USB C vers USB C SUBBLIM PLUS de 1 m\u00e8tre, con\u00e7u pour vous offrir une vitesse de charge maximale et un transfert de donn\u00e9es optimal. Avec une puissance allant jusqu&rsquo;\u00e0 100 W, ce c\u00e2ble est capable de faire passer votre appareil de 0 % \u00e0 un niveau de batterie impressionnant en quelques minutes seulement. Gr\u00e2ce \u00e0 sa puce intelligente E-Marker, il ajuste automatiquement la puissance n\u00e9cessaire \u00e0 chaque appareil, \u00e9vitant ainsi d&rsquo;\u00e9ventuelles surcharges ou surchauffes et offrant ainsi une plus grande s\u00e9curit\u00e9.<\/p>\n<p>Ce c\u00e2ble prend en charge les normes PD 3.0 et QC 3.0, offrant des r\u00e9sultats surprenants sur les t\u00e9l\u00e9phones, tablettes et ordinateurs portables de derni\u00e8re g\u00e9n\u00e9ration. Vous pouvez charger votre iPhone 15 jusqu&rsquo;\u00e0 71 % en seulement 30 minutes ou un MacBook Pro 2023 jusqu&rsquo;\u00e0 42 % dans le m\u00eame temps, d\u00e9passant de 58 % la vitesse des c\u00e2bles de 60 W. De plus, son transfert de donn\u00e9es de 480 Mbit\/s vous permet de transf\u00e9rer rapidement photos, vid\u00e9os et documents, mais n&rsquo;oubliez pas qu&rsquo;il ne prend pas en charge la sortie vid\u00e9o. La construction haut de gamme du SUBBLIM PLUS se refl\u00e8te dans ses connecteurs en aluminium r\u00e9sistants et son tressage en nylon de haute qualit\u00e9, capables de supporter plus de 25\u00a0000 flexions sans perte de performances. Compatible avec la plupart des appareils USB-C, tels que l&rsquo;iPhone 15, le Samsung Galaxy S24\/S23\/S22, le MacBook, l&rsquo;iPad Pro, le Huawei, le OnePlus et le Google Pixel, ce c\u00e2ble deviendra votre meilleur alli\u00e9 pour une charge et un transfert de donn\u00e9es rapides. Pour compl\u00e9ter votre exp\u00e9rience, vous b\u00e9n\u00e9ficiez d&rsquo;une garantie de 36 mois et d&rsquo;un service client disponible pour r\u00e9pondre \u00e0 toutes vos questions ou probl\u00e8mes. Choisissez SUBBLIM et passez au niveau sup\u00e9rieur en mati\u00e8re de charge.<\/p>\n","protected":false},"excerpt":{"rendered":"<p>C\u00e2ble USB C vers USB C SUBBLIM PLUS 1 m, charge rapide 100 W PD3.0 et QC3.0 avec puce E-Marker et transfert de donn\u00e9es, rev\u00eatement TPE flexible, compatible avec iPhone 15, MacBook Pro, Samsung Galaxy, etc.<\/p>\n","protected":false},"featured_media":81305,"template":"","meta":[],"product_brand":[],"product_cat":[387,1084,376],"product_tag":[],"class_list":{"0":"post-78536","1":"product","2":"type-product","3":"status-publish","4":"has-post-thumbnail","6":"product_cat-accesorios","7":"product_cat-cables-accesorios","8":"product_cat-cables-cargadores","10":"first","11":"instock","12":"taxable","13":"shipping-taxable","14":"purchasable","15":"product-type-simple"},"_links":{"self":[{"href":"https:\/\/subblim.com\/fr\/wp-json\/wp\/v2\/product\/78536","targetHints":{"allow":["GET"]}}],"collection":[{"href":"https:\/\/subblim.com\/fr\/wp-json\/wp\/v2\/product"}],"about":[{"href":"https:\/\/subblim.com\/fr\/wp-json\/wp\/v2\/types\/product"}],"version-history":[{"count":0,"href":"https:\/\/subblim.com\/fr\/wp-json\/wp\/v2\/product\/78536\/revisions"}],"wp:featuredmedia":[{"embeddable":true,"href":"https:\/\/subblim.com\/fr\/wp-json\/wp\/v2\/media\/81305"}],"wp:attachment":[{"href":"https:\/\/subblim.com\/fr\/wp-json\/wp\/v2\/media?parent=78536"}],"wp:term":[{"taxonomy":"product_brand","embeddable":true,"href":"https:\/\/subblim.com\/fr\/wp-json\/wp\/v2\/product_brand?post=78536"},{"taxonomy":"product_cat","embeddable":true,"href":"https:\/\/subblim.com\/fr\/wp-json\/wp\/v2\/product_cat?post=78536"},{"taxonomy":"product_tag","embeddable":true,"href":"https:\/\/subblim.com\/fr\/wp-json\/wp\/v2\/product_tag?post=78536"}],"curies":[{"name":"wp","href":"https:\/\/api.w.org\/{rel}","templated":true}]}}