{"id":78218,"date":"2025-06-24T10:39:57","date_gmt":"2025-06-24T08:39:57","guid":{"rendered":"https:\/\/subblim.com\/cable-high-240w-c-c-usb4-0-8k-15m\/"},"modified":"2026-04-02T06:27:15","modified_gmt":"2026-04-02T04:27:15","slug":"cable-haute-tension-240w-cc-usb4-0-8k-15m","status":"publish","type":"product","link":"https:\/\/subblim.com\/fr\/cable-haute-tension-240w-cc-usb4-0-8k-15m\/","title":{"rendered":"C\u00e2ble haute tension 240 W DC USB 4.0 8K 1,5 m"},"content":{"rendered":"<p>Performances nouvelle g\u00e9n\u00e9ration. Le SUBBLIM HIGH adopte la norme USB 4.0 pour offrir jusqu&rsquo;\u00e0 40 Gbit\/s et 240 W de puissance. Oubliez les c\u00e2bles multiples\u00a0: un seul assure la charge ultra-rapide, les donn\u00e9es et la vid\u00e9o 8K. Qualit\u00e9 d&rsquo;image professionnelle. Profitez de contenu HDR 8K 60 Hz ou 4K 120 Hz sans d\u00e9chirure ni saccades. Id\u00e9al pour les cr\u00e9ateurs, les joueurs et les bureaux utilisant des \u00e9crans haute fr\u00e9quence.<\/p>\n<p>Charge ultra-rapide avec PD 3.1 (240 W). Gr\u00e2ce \u00e0 la puce E-Marker, le c\u00e2ble g\u00e8re 48 V\/5 A pour alimenter les ordinateurs portables, les stations graphiques et les stations d&rsquo;accueil Thunderbolt 3 hautes performances en un temps record.<\/p>\n<p>Con\u00e7u pour durer\u00a0:<\/p>\n<p>Tressage en nylon\u00a0: R\u00e9siste aux chocs, aux pliures et emp\u00eache les enchev\u00eatrements.<\/p>\n<p>Tressage en nylon\u00a0: R\u00e9siste aux chocs, aux pliures et emp\u00eache les enchev\u00eatrements.<\/p>\n<p>Tressage en nylon\u00a0: R\u00e9siste aux chocs, aux pliures et emp\u00eache les enchev\u00eatrements.<\/p>\n<p>Tressage en nylon\u00a0: R\u00e9siste aux chocs, aux pliures et emp\u00eache les enchev\u00eatrements.<\/p>\n<p>Tressage en nylon\u00a0: R\u00e9siste aux chocs, aux pliures et emp\u00eache les enchev\u00eatrements.<\/p>\n<p> Connecteurs en aluminium poli\u00a0: Dissipation thermique sup\u00e9rieure et esth\u00e9tique haut de gamme. Test de 30\u00a0000 flexions r\u00e9ussi sans perte de signal. Compatibilit\u00e9 universelle. Compatible avec tous les appareils USB-C et Thunderbolt\u00a03\/4, de l\u2019iPhone\u00a015\u00a0Pro au Mac Studio en passant par les derniers Ultrabooks Intel. R\u00e9trocompatible avec les ports USB\u00a03.x et\u00a02.0. Achat sans risque. Garantie de 36\u00a0mois et assistance technique 24\u00a0h\/24 incluses.<\/p>\n","protected":false},"excerpt":{"rendered":"<p>C\u00e2ble USB-C SUBBLIM HIGH 1,5 m, 240 W, USB 4.0 \u2013 40 Gbit\/s et 8K \u00e0 60 Hz, puce E-Marker, nylon tress\u00e9, compatible Thunderbolt 3\/4, MacBook, iPhone 15, Galaxy<\/p>\n","protected":false},"featured_media":78219,"template":"","meta":[],"product_brand":[],"product_cat":[387,1084,376],"product_tag":[],"class_list":{"0":"post-78218","1":"product","2":"type-product","3":"status-publish","4":"has-post-thumbnail","6":"product_cat-accesorios","7":"product_cat-cables-accesorios","8":"product_cat-cables-cargadores","10":"first","11":"instock","12":"taxable","13":"shipping-taxable","14":"purchasable","15":"product-type-simple"},"_links":{"self":[{"href":"https:\/\/subblim.com\/fr\/wp-json\/wp\/v2\/product\/78218","targetHints":{"allow":["GET"]}}],"collection":[{"href":"https:\/\/subblim.com\/fr\/wp-json\/wp\/v2\/product"}],"about":[{"href":"https:\/\/subblim.com\/fr\/wp-json\/wp\/v2\/types\/product"}],"version-history":[{"count":0,"href":"https:\/\/subblim.com\/fr\/wp-json\/wp\/v2\/product\/78218\/revisions"}],"wp:featuredmedia":[{"embeddable":true,"href":"https:\/\/subblim.com\/fr\/wp-json\/wp\/v2\/media\/78219"}],"wp:attachment":[{"href":"https:\/\/subblim.com\/fr\/wp-json\/wp\/v2\/media?parent=78218"}],"wp:term":[{"taxonomy":"product_brand","embeddable":true,"href":"https:\/\/subblim.com\/fr\/wp-json\/wp\/v2\/product_brand?post=78218"},{"taxonomy":"product_cat","embeddable":true,"href":"https:\/\/subblim.com\/fr\/wp-json\/wp\/v2\/product_cat?post=78218"},{"taxonomy":"product_tag","embeddable":true,"href":"https:\/\/subblim.com\/fr\/wp-json\/wp\/v2\/product_tag?post=78218"}],"curies":[{"name":"wp","href":"https:\/\/api.w.org\/{rel}","templated":true}]}}