{"id":82306,"date":"2016-02-23T10:49:12","date_gmt":"2016-02-23T09:49:12","guid":{"rendered":"https:\/\/subblim.com\/nosotros\/"},"modified":"2026-03-17T17:16:53","modified_gmt":"2026-03-17T16:16:53","slug":"nous","status":"publish","type":"page","link":"https:\/\/subblim.com\/fr\/nous\/","title":{"rendered":"Nous"},"content":{"rendered":"\t\t<div data-elementor-type=\"wp-page\" data-elementor-id=\"82306\" class=\"elementor elementor-82306 elementor-6981\" data-elementor-post-type=\"page\">\n\t\t\t\t<div class=\"elementor-element elementor-element-18db2721 e-con-full e-flex e-con e-parent\" data-id=\"18db2721\" data-element_type=\"container\" data-e-type=\"container\" data-settings=\"{&quot;jet_parallax_layout_list&quot;:[]}\">\n\t\t<div class=\"elementor-element elementor-element-3844ec10 e-con-full e-flex e-con e-child\" data-id=\"3844ec10\" data-element_type=\"container\" data-e-type=\"container\" data-settings=\"{&quot;jet_parallax_layout_list&quot;:[]}\">\n\t\t\t\t<div class=\"elementor-element elementor-element-fd3912c elementor-widget elementor-widget-image\" data-id=\"fd3912c\" data-element_type=\"widget\" data-e-type=\"widget\" data-widget_type=\"image.default\">\n\t\t\t\t<div class=\"elementor-widget-container\">\n\t\t\t\t\t\t\t\t\t\t\t\t\t\t\t<img fetchpriority=\"high\" decoding=\"async\" width=\"800\" height=\"906\" src=\"https:\/\/subblim.com\/wp-content\/uploads\/2021\/10\/workplace-in-office.jpg\" class=\"attachment-large size-large wp-image-72391\" alt=\"\u2705\" srcset=\"https:\/\/subblim.com\/wp-content\/uploads\/2021\/10\/workplace-in-office.jpg 1500w, https:\/\/subblim.com\/wp-content\/uploads\/2021\/10\/workplace-in-office-800x906.jpg 800w, https:\/\/subblim.com\/wp-content\/uploads\/2021\/10\/workplace-in-office-64x72.jpg 64w, https:\/\/subblim.com\/wp-content\/uploads\/2021\/10\/workplace-in-office-1324x1500.jpg 1324w, https:\/\/subblim.com\/wp-content\/uploads\/2021\/10\/workplace-in-office-768x870.jpg 768w, https:\/\/subblim.com\/wp-content\/uploads\/2021\/10\/workplace-in-office-1356x1536.jpg 1356w, https:\/\/subblim.com\/wp-content\/uploads\/2021\/10\/workplace-in-office-18x20.jpg 18w\" sizes=\"(max-width: 800px) 100vw, 800px\" title=\"\u2705\">\t\t\t\t\t\t\t\t\t\t\t\t\t\t\t<\/div>\n\t\t\t\t<\/div>\n\t\t\t\t<\/div>\n\t\t<div class=\"elementor-element elementor-element-1fbe0a5b e-con-full e-flex e-con e-child\" data-id=\"1fbe0a5b\" data-element_type=\"container\" data-e-type=\"container\" data-settings=\"{&quot;jet_parallax_layout_list&quot;:[]}\">\n\t\t\t\t<div class=\"elementor-element elementor-element-977db9c elementor-widget elementor-widget-text-editor\" data-id=\"977db9c\" data-element_type=\"widget\" data-e-type=\"widget\" data-widget_type=\"text-editor.default\">\n\t\t\t\t<div class=\"elementor-widget-container\">\n\t\t\t\t\t\t\t\t\t<h1 style=\"text-align: center;\"><span style=\"color: #333333;\">QU&rsquo;EST-CE QUE SUBBLIM?<\/span><\/h1><div class=\"gem-textbox-description gem-text-output\" style=\"text-align: center;\">Fond\u00e9e en 2018 et bas\u00e9e en Espagne, SUBBLIM allie la passion et la vaste exp\u00e9rience de ses fondateurs pour cr\u00e9er une marque avant-gardiste, innovante et accessible, con\u00e7ue selon des normes de qualit\u00e9 et de style exigeantes.<p style=\"text-align: center;\">Nous croyons que la technologie doit \u00eatre sans limites, intemporelle et en constante \u00e9volution pour s&rsquo;adapter \u00e0 un mode de vie moderne. Chez SUBBLIM, conscients du rythme effr\u00e9n\u00e9 du monde actuel, nous souhaitons am\u00e9liorer le quotidien en le rendant plus pratique.<\/p><\/div>\t\t\t\t\t\t\t\t<\/div>\n\t\t\t\t<\/div>\n\t\t\t\t<\/div>\n\t\t\t\t<\/div>\n\t\t<div class=\"elementor-element elementor-element-a36abf1 e-con-full e-flex e-con e-parent\" data-id=\"a36abf1\" data-element_type=\"container\" data-e-type=\"container\" data-settings=\"{&quot;jet_parallax_layout_list&quot;:[]}\">\n\t\t<div class=\"elementor-element elementor-element-c72555d e-con-full e-flex e-con e-child\" data-id=\"c72555d\" data-element_type=\"container\" data-e-type=\"container\" data-settings=\"{&quot;jet_parallax_layout_list&quot;:[]}\">\n\t\t\t\t<div class=\"elementor-element elementor-element-1d88077 elementor-widget elementor-widget-text-editor\" data-id=\"1d88077\" data-element_type=\"widget\" data-e-type=\"widget\" data-widget_type=\"text-editor.default\">\n\t\t\t\t<div class=\"elementor-widget-container\">\n\t\t\t\t\t\t\t\t\t<h2 class=\"gem-textbox-title title-h2 light\" style=\"text-align: center;\">LA PASSION DU D\u00c9TAIL<\/h2><div class=\"gem-textbox-description gem-text-output\"><div class=\"wpb_text_column wpb_content_element ptext thegem-vc-text thegem-custom-631fec8613afc6535\" style=\"text-align: center;\"><div class=\"wpb_wrapper\"><p class=\"styled-subtitle\">SUBBLIM s\u00e9lectionne les mat\u00e9riaux les plus nobles et les plus r\u00e9sistants pour satisfaire les go\u00fbts les plus exigeants, tout en conservant un style \u00e9l\u00e9gant parfaitement adapt\u00e9 au march\u00e9 contemporain.<\/p><\/div><\/div><div class=\"vc_row wpb_row vc_inner vc_row-fluid thegem-custom-631fec86164cf9752 custom-inner-column-631fec86164d3\"><div class=\"wpb_column vc_column_container vc_col-sm-12 thegem-custom-631fec86188695126\"><div class=\"vc_column-inner thegem-custom-inner-631fec861886a\"><div class=\"wpb_wrapper thegem-custom-631fec86188695126\"><div class=\"gem-list gem-list-type-star gem-list-color-3\"><ul><li style=\"text-align: center;\"><p>Un design qui s\u00e9duit les sens les plus fins.<\/p><\/li><li style=\"text-align: center;\"><p>Un design d&rsquo;avant-garde, l&rsquo;innovation et la technologie au service du mode de vie actuel.<\/p><\/li><li style=\"text-align: center;\"><p>Une qualit\u00e9 irr\u00e9prochable, tant au niveau des mat\u00e9riaux que des finitions.<\/p><\/li><\/ul><\/div><\/div><\/div><\/div><\/div><\/div>\t\t\t\t\t\t\t\t<\/div>\n\t\t\t\t<\/div>\n\t\t\t\t<\/div>\n\t\t<div class=\"elementor-element elementor-element-80b32a7 e-con-full e-flex e-con e-child\" data-id=\"80b32a7\" data-element_type=\"container\" data-e-type=\"container\" data-settings=\"{&quot;jet_parallax_layout_list&quot;:[]}\">\n\t\t\t\t<div class=\"elementor-element elementor-element-7f9f123 elementor-widget elementor-widget-image\" data-id=\"7f9f123\" data-element_type=\"widget\" data-e-type=\"widget\" data-widget_type=\"image.default\">\n\t\t\t\t<div class=\"elementor-widget-container\">\n\t\t\t\t\t\t\t\t\t\t\t\t\t\t\t<img decoding=\"async\" src=\"https:\/\/subblim.com\/wp-content\/uploads\/2016\/02\/about_us_img4.jpg\" title=\"\u2705\" alt=\"\u2705\" loading=\"lazy\">\t\t\t\t\t\t\t\t\t\t\t\t\t\t\t<\/div>\n\t\t\t\t<\/div>\n\t\t\t\t<\/div>\n\t\t\t\t<\/div>\n\t\t<div class=\"elementor-element elementor-element-613798d4 e-flex e-con-boxed e-con e-parent\" data-id=\"613798d4\" data-element_type=\"container\" data-e-type=\"container\" data-settings=\"{&quot;background_background&quot;:&quot;classic&quot;,&quot;jet_parallax_layout_list&quot;:[]}\">\n\t\t\t\t\t<div class=\"e-con-inner\">\n\t\t\t\t<div class=\"elementor-element elementor-element-d199ba3 elementor-widget elementor-widget-text-editor\" data-id=\"d199ba3\" data-element_type=\"widget\" data-e-type=\"widget\" data-widget_type=\"text-editor.default\">\n\t\t\t\t<div class=\"elementor-widget-container\">\n\t\t\t\t\t\t\t\t\t<h2 class=\"gem-textbox-title title-h2 bold\" style=\"text-align: center;\">CONTRIBUTION \u00c0 LA VALEUR<\/h2><div class=\"gem-textbox-description gem-text-output\"><p style=\"text-align: center;\">Dans un monde globalis\u00e9 o\u00f9 les consommateurs ont acc\u00e8s \u00e0 tout, le march\u00e9 traditionnel est satur\u00e9 de produits similaires, vendus uniquement sur la base du prix.<\/p><p style=\"text-align: center;\">Selon nos donn\u00e9es, les consommateurs, de plus en plus inform\u00e9s et capables d&rsquo;acheter partout dans le monde, exigent des produits distinctifs, innovants et de haute qualit\u00e9 \u00e0 un prix juste.<\/p><p style=\"text-align: center;\">SUBBLIM allie l&rsquo;analyse des tendances de consommation au design et \u00e0 une passion pour la technologie, le souci du d\u00e9tail, l&rsquo;innovation et l&rsquo;efficacit\u00e9.<\/p><\/div>\t\t\t\t\t\t\t\t<\/div>\n\t\t\t\t<\/div>\n\t\t\t\t\t<\/div>\n\t\t\t\t<\/div>\n\t\t<div class=\"elementor-element elementor-element-18991049 e-con-full e-flex e-con e-parent\" data-id=\"18991049\" data-element_type=\"container\" data-e-type=\"container\" data-settings=\"{&quot;background_background&quot;:&quot;classic&quot;,&quot;shape_divider_top&quot;:&quot;arrow&quot;,&quot;jet_parallax_layout_list&quot;:[]}\">\n\t\t\t\t<div class=\"elementor-shape elementor-shape-top\" aria-hidden=\"true\" data-negative=\"false\">\n\t\t\t<svg xmlns=\"http:\/\/www.w3.org\/2000\/svg\" viewBox=\"0 0 700 10\" preserveAspectRatio=\"none\">\n\t<path class=\"elementor-shape-fill\" d=\"M350,10L340,0h20L350,10z\"\/>\n<\/svg>\t\t<\/div>\n\t\t\t\t<div class=\"elementor-element elementor-element-a79a117 elementor-widget elementor-widget-heading\" data-id=\"a79a117\" data-element_type=\"widget\" data-e-type=\"widget\" data-widget_type=\"heading.default\">\n\t\t\t\t<div class=\"elementor-widget-container\">\n\t\t\t\t\t<h3 class=\"elementor-heading-title elementor-size-xl\">WE LOVE WHAT WE DO<\/h3>\t\t\t\t<\/div>\n\t\t\t\t<\/div>\n\t\t\t\t<\/div>\n\t\t<div class=\"elementor-element elementor-element-0db22bc e-con-full e-flex e-con e-parent\" data-id=\"0db22bc\" data-element_type=\"container\" data-e-type=\"container\" data-settings=\"{&quot;background_background&quot;:&quot;classic&quot;,&quot;jet_parallax_layout_list&quot;:[]}\">\n\t\t\t\t<div class=\"elementor-element elementor-element-de93fa2 elementor-widget elementor-widget-text-editor\" data-id=\"de93fa2\" data-element_type=\"widget\" data-e-type=\"widget\" data-widget_type=\"text-editor.default\">\n\t\t\t\t<div class=\"elementor-widget-container\">\n\t\t\t\t\t\t\t\t\t<h3 class=\"gem-textbox-title title-h3 bold\" style=\"text-align: center;\"><span style=\"color: #ffffff;\">CONTACTEZ SUBBLIM<\/span><\/h3>\n\n<div class=\"gem-textbox-description gem-text-output\">\n\n<p class=\"styled-subtitle\" style=\"text-align: center;\"><span style=\"color: #ffffff;\">Nous adorons discuter avec vous<\/span><\/p>\n\n<\/div>\t\t\t\t\t\t\t\t<\/div>\n\t\t\t\t<\/div>\n\t\t\t\t<\/div>\n\t\t<div class=\"elementor-element elementor-element-3829259a e-flex e-con-boxed e-con e-parent\" data-id=\"3829259a\" data-element_type=\"container\" data-e-type=\"container\" data-settings=\"{&quot;jet_parallax_layout_list&quot;:[]}\">\n\t\t\t\t\t<div class=\"e-con-inner\">\n\t\t<div class=\"elementor-element elementor-element-5d732e1c e-con-full e-flex e-con e-child\" data-id=\"5d732e1c\" data-element_type=\"container\" data-e-type=\"container\" data-settings=\"{&quot;jet_parallax_layout_list&quot;:[]}\">\n\t\t\t\t<div class=\"elementor-element elementor-element-5348c7a elementor-widget__width-initial elementor-widget elementor-widget-text-editor\" data-id=\"5348c7a\" data-element_type=\"widget\" data-e-type=\"widget\" data-widget_type=\"text-editor.default\">\n\t\t\t\t<div class=\"elementor-widget-container\">\n\t\t\t\t\t\t\t\t\t<div><strong>BUREAUX<\/strong><\/div><p>C\/ Alcalde Jos\u00e9 Luis Lassaletta 17 Local 11<\/p><p>CP: 03008<\/p><p>Alicante<\/p>\t\t\t\t\t\t\t\t<\/div>\n\t\t\t\t<\/div>\n\t\t\t\t<\/div>\n\t\t<div class=\"elementor-element elementor-element-138ea48c e-con-full e-flex e-con e-child\" data-id=\"138ea48c\" data-element_type=\"container\" data-e-type=\"container\" data-settings=\"{&quot;jet_parallax_layout_list&quot;:[]}\">\n\t\t\t\t<div class=\"elementor-element elementor-element-cbbc752 elementor-widget__width-initial elementor-widget elementor-widget-text-editor\" data-id=\"cbbc752\" data-element_type=\"widget\" data-e-type=\"widget\" data-widget_type=\"text-editor.default\">\n\t\t\t\t<div class=\"elementor-widget-container\">\n\t\t\t\t\t\t\t\t\t<div class=\"styled-subtitle title-h4\"><strong>E-mail<\/strong><\/div><p class=\"styled-subtitle\">info@subblim.com<\/p>\t\t\t\t\t\t\t\t<\/div>\n\t\t\t\t<\/div>\n\t\t\t\t<\/div>\n\t\t\t\t\t<\/div>\n\t\t\t\t<\/div>\n\t\t<div class=\"elementor-element elementor-element-5a89e31c e-con-full e-flex e-con e-parent\" data-id=\"5a89e31c\" data-element_type=\"container\" data-e-type=\"container\" data-settings=\"{&quot;background_background&quot;:&quot;classic&quot;,&quot;jet_parallax_layout_list&quot;:[]}\">\n\t\t\t\t<div class=\"elementor-element elementor-element-1d3a2db elementor-widget-divider--view-line_icon elementor-view-default elementor-widget-divider--element-align-center elementor-widget elementor-widget-divider\" data-id=\"1d3a2db\" data-element_type=\"widget\" data-e-type=\"widget\" data-widget_type=\"divider.default\">\n\t\t\t\t<div class=\"elementor-widget-container\">\n\t\t\t\t\t\t\t<div class=\"elementor-divider\">\n\t\t\t<span class=\"elementor-divider-separator\">\n\t\t\t\t\t\t\t<div class=\"elementor-icon elementor-divider__element\">\n\t\t\t\t\t<svg aria-hidden=\"true\" class=\"e-font-icon-svg e-fas-info\" viewBox=\"0 0 192 512\" xmlns=\"http:\/\/www.w3.org\/2000\/svg\"><path d=\"M20 424.229h20V279.771H20c-11.046 0-20-8.954-20-20V212c0-11.046 8.954-20 20-20h112c11.046 0 20 8.954 20 20v212.229h20c11.046 0 20 8.954 20 20V492c0 11.046-8.954 20-20 20H20c-11.046 0-20-8.954-20-20v-47.771c0-11.046 8.954-20 20-20zM96 0C56.235 0 24 32.235 24 72s32.235 72 72 72 72-32.235 72-72S135.764 0 96 0z\"><\/path><\/svg><\/div>\n\t\t\t\t\t\t<\/span>\n\t\t<\/div>\n\t\t\t\t\t\t<\/div>\n\t\t\t\t<\/div>\n\t\t\t\t<\/div>\n\t\t\t\t<\/div>\n\t\t","protected":false},"excerpt":{"rendered":"<p>QU&rsquo;EST-CE QUE SUBBLIM? Fond\u00e9e en 2018 et bas\u00e9e en Espagne, SUBBLIM allie la passion et la vaste exp\u00e9rience de ses fondateurs pour cr\u00e9er une marque avant-gardiste, innovante et accessible, con\u00e7ue selon des normes de qualit\u00e9 et de style exigeantes. Nous croyons que la technologie doit \u00eatre sans limites, intemporelle et en constante \u00e9volution pour s&rsquo;adapter [&hellip;]<\/p>\n","protected":false},"author":2,"featured_media":0,"parent":0,"menu_order":0,"comment_status":"closed","ping_status":"closed","template":"elementor_header_footer","meta":{"footnotes":""},"class_list":["post-82306","page","type-page","status-publish","hentry"],"_links":{"self":[{"href":"https:\/\/subblim.com\/fr\/wp-json\/wp\/v2\/pages\/82306","targetHints":{"allow":["GET"]}}],"collection":[{"href":"https:\/\/subblim.com\/fr\/wp-json\/wp\/v2\/pages"}],"about":[{"href":"https:\/\/subblim.com\/fr\/wp-json\/wp\/v2\/types\/page"}],"author":[{"embeddable":true,"href":"https:\/\/subblim.com\/fr\/wp-json\/wp\/v2\/users\/2"}],"replies":[{"embeddable":true,"href":"https:\/\/subblim.com\/fr\/wp-json\/wp\/v2\/comments?post=82306"}],"version-history":[{"count":4,"href":"https:\/\/subblim.com\/fr\/wp-json\/wp\/v2\/pages\/82306\/revisions"}],"predecessor-version":[{"id":100791,"href":"https:\/\/subblim.com\/fr\/wp-json\/wp\/v2\/pages\/82306\/revisions\/100791"}],"wp:attachment":[{"href":"https:\/\/subblim.com\/fr\/wp-json\/wp\/v2\/media?parent=82306"}],"curies":[{"name":"wp","href":"https:\/\/api.w.org\/{rel}","templated":true}]}}