{"id":82297,"date":"2019-06-11T12:41:17","date_gmt":"2019-06-11T10:41:17","guid":{"rendered":"https:\/\/subblim.com\/politica-de-privacidad-y-uso-de-cookies\/"},"modified":"2026-01-29T13:45:08","modified_gmt":"2026-01-29T12:45:08","slug":"politica-de-privacidad-y-uso-de-cookies","status":"publish","type":"page","link":"https:\/\/subblim.com\/fr\/politica-de-privacidad-y-uso-de-cookies\/","title":{"rendered":"Pol\u00edtica de privacidad y uso de Cookies"},"content":{"rendered":"<h6>Pol\u00edtica de Privacidad y Uso de Cookies<\/h6>\n<h2 class=\"\" data-start=\"220\" data-end=\"262\">Pol\u00edtica de Privacidad y Uso de Cookies<\/h2>\n<h3 class=\"\" data-start=\"264\" data-end=\"297\">Todos los derechos reservados<\/h3>\n<p class=\"\" data-start=\"299\" data-end=\"712\">Todos los contenidos de este servidor Web son propiedad de <strong data-start=\"358\" data-end=\"382\">SUBBLIM DESIGNS, SL.<\/strong>, inscrita en el Registro Mercantil de Alicante, 1\u00aa de la hoja A-165025, al folio 196 del tomo 4211 del archivo, de la Secci\u00f3n General de Sociedades, C.I.F. B-42645481 \u2013 www.subblim.com\u00a0\u2013 a excepci\u00f3n de las im\u00e1genes utilizadas con car\u00e1cter informativo, cuyos derechos son de sus respectivos propietarios.<\/p>\n<p class=\"\" data-start=\"714\" data-end=\"950\">Los logotipos, fotograf\u00edas, im\u00e1genes y dem\u00e1s elementos gr\u00e1ficos, exceptuando los ya indicados, son propiedad de SUBBLIM DESIGNS, SL. Est\u00e1 prohibida su reproducci\u00f3n total o parcial por cualquier medio sin permiso escrito del propietario.<\/p>\n<p class=\"\" data-start=\"952\" data-end=\"1210\">Estas obras est\u00e1n protegidas por la legislaci\u00f3n espa\u00f1ola y comunitaria en materia de propiedad intelectual, conforme al <strong data-start=\"1072\" data-end=\"1107\">Real Decreto Legislativo 1\/1996<\/strong>, de 12 de abril, y la <strong data-start=\"1130\" data-end=\"1144\">Ley 5\/1998<\/strong>, de 6 de marzo, as\u00ed como los tratados internacionales aplicables.<\/p>\n<hr class=\"\" data-start=\"1212\" data-end=\"1215\" \/>\n<h2 class=\"\" data-start=\"1217\" data-end=\"1251\">Pol\u00edtica de Protecci\u00f3n de Datos<\/h2>\n<p class=\"\" data-start=\"1253\" data-end=\"1448\">Con el fin de facilitar un desarrollo r\u00e1pido y eficaz de la relaci\u00f3n entre SUBBLIM DESIGNS, SL. y los usuarios, garantizamos la privacidad de los servicios online conforme a la legalidad vigente.<\/p>\n<p class=\"\" data-start=\"1450\" data-end=\"1683\">A trav\u00e9s del formulario de contacto o cualquier otro medio, podr\u00e1s facilitarnos datos como nombre, email, preferencias de contacto, datos de productos adquiridos (n\u00famero de serie, fecha de compra), e informaci\u00f3n t\u00e9cnica o de soporte.<\/p>\n<p class=\"\" data-start=\"1685\" data-end=\"1727\">Esta informaci\u00f3n puede ser utilizada para:<\/p>\n<ul data-start=\"1729\" data-end=\"1863\">\n<li class=\"\" data-start=\"1729\" data-end=\"1759\">\n<p class=\"\" data-start=\"1731\" data-end=\"1759\">Resolver problemas t\u00e9cnicos.<\/p>\n<\/li>\n<li class=\"\" data-start=\"1760\" data-end=\"1786\">\n<p class=\"\" data-start=\"1762\" data-end=\"1786\">Participar en encuestas.<\/p>\n<\/li>\n<li class=\"\" data-start=\"1787\" data-end=\"1808\">\n<p class=\"\" data-start=\"1789\" data-end=\"1808\">Procesos de compra.<\/p>\n<\/li>\n<li class=\"\" data-start=\"1809\" data-end=\"1863\">\n<p class=\"\" data-start=\"1811\" data-end=\"1863\">Estudios de mercado y mejora de atenci\u00f3n al cliente.<\/p>\n<\/li>\n<\/ul>\n<hr class=\"\" data-start=\"1865\" data-end=\"1868\" \/>\n<h3 class=\"\" data-start=\"1870\" data-end=\"1945\">Confidencialidad en el tratamiento automatizado de los datos personales<\/h3>\n<p class=\"\" data-start=\"1947\" data-end=\"2083\">SUBBLIM DESIGNS, SL. garantiza la <strong data-start=\"1981\" data-end=\"2001\">confidencialidad<\/strong> de los datos personales facilitados por los usuarios y su tratamiento conforme a:<\/p>\n<ul data-start=\"2085\" data-end=\"2196\">\n<li class=\"\" data-start=\"2085\" data-end=\"2136\">\n<p class=\"\" data-start=\"2087\" data-end=\"2136\"><strong data-start=\"2087\" data-end=\"2111\">Ley Org\u00e1nica 15\/1999<\/strong>, de Protecci\u00f3n de Datos.<\/p>\n<\/li>\n<li class=\"\" data-start=\"2137\" data-end=\"2196\">\n<p class=\"\" data-start=\"2139\" data-end=\"2196\"><strong data-start=\"2139\" data-end=\"2165\">Reglamento UE 2016\/679<\/strong> del Parlamento Europeo (RGPD).<\/p>\n<\/li>\n<\/ul>\n<p class=\"\" data-start=\"2198\" data-end=\"2336\">Hemos adoptado las medidas t\u00e9cnicas necesarias para evitar p\u00e9rdida, mal uso, acceso no autorizado o robo de los datos personales tratados.<\/p>\n<hr class=\"\" data-start=\"2338\" data-end=\"2341\" \/>\n<h2 class=\"\" data-start=\"2343\" data-end=\"2370\">Derechos de los Usuarios<\/h2>\n<p class=\"\" data-start=\"2372\" data-end=\"2543\">Los usuarios pueden <strong data-start=\"2392\" data-end=\"2416\">ejercer sus derechos<\/strong> de acceso, transparencia, supresi\u00f3n, limitaci\u00f3n, portabilidad, cancelaci\u00f3n, rectificaci\u00f3n u oposici\u00f3n enviando comunicaci\u00f3n a:<\/p>\n<p class=\"\" data-start=\"2545\" data-end=\"2642\">\ud83d\udce7 <strong data-start=\"2548\" data-end=\"2568\"><a rel=\"noopener\" data-start=\"2550\" data-end=\"2566\">info@subblim.com<\/a><\/strong><br data-start=\"2568\" data-end=\"2571\" \/>\ud83d\udcec <strong data-start=\"2574\" data-end=\"2642\">C\/ Alcalde Jos\u00e9 Luis Lassaletta 17 Local 11, CP: 03008, Alicante<\/strong><\/p>\n<hr class=\"\" data-start=\"2644\" data-end=\"2647\" \/>\n<h2 class=\"\" data-start=\"2649\" data-end=\"2672\">Medidas de Seguridad<\/h2>\n<p class=\"\" data-start=\"2674\" data-end=\"2868\">SUBBLIM DESIGNS, SL. ha implementado medidas t\u00e9cnicas y organizativas para garantizar la <strong data-start=\"2763\" data-end=\"2776\">seguridad<\/strong> de los datos personales, cumpliendo con la <strong data-start=\"2820\" data-end=\"2835\">Ley 15\/1999<\/strong> y el <strong data-start=\"2841\" data-end=\"2867\">Reglamento UE 2016\/679<\/strong>.<\/p>\n<hr class=\"\" data-start=\"2870\" data-end=\"2873\" \/>\n<h2 class=\"\" data-start=\"2875\" data-end=\"2915\">Uso de Cookies y Fichero de Actividad<\/h2>\n<p class=\"\" data-start=\"2917\" data-end=\"2988\">Este sitio utiliza <strong data-start=\"2936\" data-end=\"2947\">cookies<\/strong> para mejorar la experiencia del usuario.<\/p>\n<ul data-start=\"2990\" data-end=\"3188\">\n<li class=\"\" data-start=\"2990\" data-end=\"3046\">\n<p class=\"\" data-start=\"2992\" data-end=\"3046\">Las cookies <strong data-start=\"3004\" data-end=\"3026\">no contienen virus<\/strong> ni son ejecutables.<\/p>\n<\/li>\n<li class=\"\" data-start=\"3047\" data-end=\"3110\">\n<p class=\"\" data-start=\"3049\" data-end=\"3110\">No recogen datos personales (nombre, direcci\u00f3n, banco, etc.).<\/p>\n<\/li>\n<li class=\"\" data-start=\"3111\" data-end=\"3188\">\n<p class=\"\" data-start=\"3113\" data-end=\"3188\">Se usan para analizar la navegaci\u00f3n en la web y mejorar nuestros servicios.<\/p>\n<\/li>\n<\/ul>\n<p class=\"\" data-start=\"3190\" data-end=\"3309\">Puedes configurar tu navegador para aceptar o rechazar cookies, o recibir notificaciones cuando una cookie se almacene.<\/p>\n<p class=\"\" data-start=\"3311\" data-end=\"3390\"><strong data-start=\"3311\" data-end=\"3390\">Al utilizar esta web, consientes el uso de cookies por SUBBLIM DESIGNS, SL.<\/strong><\/p>\n<hr class=\"\" data-start=\"3392\" data-end=\"3395\" \/>\n<h3 class=\"\" data-start=\"3397\" data-end=\"3444\">Estad\u00edsticas del sitio con Google Analytics<\/h3>\n<p class=\"\" data-start=\"3446\" data-end=\"3583\">Este sitio usa <strong data-start=\"3461\" data-end=\"3481\">Google Analytics<\/strong>, un servicio prestado por <strong data-start=\"3508\" data-end=\"3523\">Google Inc.<\/strong> que tambi\u00e9n utiliza cookies para analizar el uso del sitio.<\/p>\n<ul data-start=\"3585\" data-end=\"3849\">\n<li class=\"\" data-start=\"3585\" data-end=\"3696\">\n<p class=\"\" data-start=\"3587\" data-end=\"3696\">Pol\u00edtica de privacidad de Google: <a class=\"\" href=\"http:\/\/www.google.com\/policies\/privacy\" target=\"_new\" rel=\"noopener\" data-start=\"3621\" data-end=\"3694\">www.google.com\/policies\/privacy<\/a><\/p>\n<\/li>\n<li class=\"\" data-start=\"3697\" data-end=\"3849\">\n<p class=\"\" data-start=\"3699\" data-end=\"3849\">Puedes evitar el uso de cookies descargando este complemento: <a class=\"\" href=\"https:\/\/tools.google.com\/dlpage\/gaoptout?hl=es\" target=\"_new\" rel=\"noopener\" data-start=\"3761\" data-end=\"3849\">tools.google.com\/dlpage\/gaoptout?hl=es<\/a><\/p>\n<\/li>\n<\/ul>\n<p class=\"\" data-start=\"3851\" data-end=\"3955\"><strong data-start=\"3851\" data-end=\"3955\">Al utilizar esta web, consientes el tratamiento de tus datos por Google en los t\u00e9rminos mencionados.<\/strong><\/p>\n<hr class=\"\" data-start=\"3957\" data-end=\"3960\" \/>\n<h3 class=\"\" data-start=\"3962\" data-end=\"3996\">Remarketing con Google Adwords<\/h3>\n<p class=\"\" data-start=\"3998\" data-end=\"4130\">Este sitio emplea la herramienta de <strong data-start=\"4034\" data-end=\"4067\">remarketing de Google Adwords<\/strong> para mostrar anuncios personalizados seg\u00fan visitas anteriores.<\/p>\n<ul data-start=\"4132\" data-end=\"4394\">\n<li class=\"\" data-start=\"4132\" data-end=\"4207\">\n<p class=\"\" data-start=\"4134\" data-end=\"4207\">Se utilizan cookies para identificar las visitas y asociarlas a anuncios.<\/p>\n<\/li>\n<li class=\"\" data-start=\"4208\" data-end=\"4275\">\n<p class=\"\" data-start=\"4210\" data-end=\"4275\">Las listas de remarketing se guardan en los servidores de Google.<\/p>\n<\/li>\n<li class=\"\" data-start=\"4276\" data-end=\"4394\">\n<p class=\"\" data-start=\"4278\" data-end=\"4394\">Puedes inhabilitar las cookies de remarketing en: <a target=\"_new\" rel=\"noopener\" data-start=\"4328\" data-end=\"4394\">www.google.com\/settings\/ads<\/a><\/p>\n<\/li>\n<\/ul>\n<hr class=\"\" data-start=\"5121\" data-end=\"5124\" \/>\n<h3 class=\"\" data-start=\"5126\" data-end=\"5164\">\u00daltima actualizaci\u00f3n: [marzo 2025]<\/h3>\n<p><strong>Aqu\u00ed puedes ver la lista de cookies que usa la web<\/strong><\/p>\n\n<p>M\u00e1s informaci\u00f3n aqu\u00ed:<span style=\"color: #000000;\"> <a style=\"color: #000000;\" href=\"http:\/\/www.google.es\/intl\/es\/policies\/technologies\/ads\/\" target=\"_blank\" rel=\"noopener\">http:\/\/www.google.es\/intl\/es\/policies\/technologies\/ads\/<\/a><\/span><\/p>\n","protected":false},"excerpt":{"rendered":"<p>Pol\u00edtica de Privacidad y Uso de Cookies Pol\u00edtica de Privacidad y Uso de Cookies Todos los derechos reservados Todos los contenidos de este servidor Web son propiedad de SUBBLIM DESIGNS, SL., inscrita en el Registro Mercantil de Alicante, 1\u00aa de la hoja A-165025, al folio 196 del tomo 4211 del archivo, de la Secci\u00f3n General [&hellip;]<\/p>\n","protected":false},"author":2,"featured_media":0,"parent":0,"menu_order":0,"comment_status":"closed","ping_status":"closed","template":"","meta":{"footnotes":""},"class_list":["post-82297","page","type-page","status-publish","hentry"],"_links":{"self":[{"href":"https:\/\/subblim.com\/fr\/wp-json\/wp\/v2\/pages\/82297","targetHints":{"allow":["GET"]}}],"collection":[{"href":"https:\/\/subblim.com\/fr\/wp-json\/wp\/v2\/pages"}],"about":[{"href":"https:\/\/subblim.com\/fr\/wp-json\/wp\/v2\/types\/page"}],"author":[{"embeddable":true,"href":"https:\/\/subblim.com\/fr\/wp-json\/wp\/v2\/users\/2"}],"replies":[{"embeddable":true,"href":"https:\/\/subblim.com\/fr\/wp-json\/wp\/v2\/comments?post=82297"}],"version-history":[{"count":1,"href":"https:\/\/subblim.com\/fr\/wp-json\/wp\/v2\/pages\/82297\/revisions"}],"predecessor-version":[{"id":97141,"href":"https:\/\/subblim.com\/fr\/wp-json\/wp\/v2\/pages\/82297\/revisions\/97141"}],"wp:attachment":[{"href":"https:\/\/subblim.com\/fr\/wp-json\/wp\/v2\/media?parent=82297"}],"curies":[{"name":"wp","href":"https:\/\/api.w.org\/{rel}","templated":true}]}}