{"id":82276,"date":"2020-06-12T11:51:54","date_gmt":"2020-06-12T11:51:54","guid":{"rendered":"https:\/\/subblim.com\/soporte\/"},"modified":"2020-06-12T11:51:54","modified_gmt":"2020-06-12T11:51:54","slug":"soporte","status":"publish","type":"page","link":"https:\/\/subblim.com\/fr\/soporte\/","title":{"rendered":"Soporte t\u00e9cnico"},"content":{"rendered":"\t\t<div data-elementor-type=\"wp-page\" data-elementor-id=\"82276\" class=\"elementor elementor-82276 elementor-31798\" data-elementor-post-type=\"page\">\n\t\t\t\t<div class=\"elementor-element elementor-element-4e3d0031 e-con-full e-flex e-con e-parent\" data-id=\"4e3d0031\" data-element_type=\"container\" data-e-type=\"container\" data-settings=\"{&quot;jet_parallax_layout_list&quot;:[]}\">\n\t\t\t\t<div class=\"elementor-element elementor-element-196ea543 elementor-widget elementor-widget-heading\" data-id=\"196ea543\" data-element_type=\"widget\" data-e-type=\"widget\" data-widget_type=\"heading.default\">\n\t\t\t\t<div class=\"elementor-widget-container\">\n\t\t\t\t\t<h1 class=\"elementor-heading-title elementor-size-default\">soporte<\/h1>\t\t\t\t<\/div>\n\t\t\t\t<\/div>\n\t\t\t\t<\/div>\n\t\t<div class=\"elementor-element elementor-element-4895ffd8 e-flex e-con-boxed e-con e-parent\" data-id=\"4895ffd8\" data-element_type=\"container\" data-e-type=\"container\" data-settings=\"{&quot;jet_parallax_layout_list&quot;:[]}\">\n\t\t\t\t\t<div class=\"e-con-inner\">\n\t\t\t\t<div class=\"elementor-element elementor-element-766db674 elementor-widget elementor-widget-heading\" data-id=\"766db674\" data-element_type=\"widget\" data-e-type=\"widget\" data-widget_type=\"heading.default\">\n\t\t\t\t<div class=\"elementor-widget-container\">\n\t\t\t\t\t<h1 class=\"elementor-heading-title elementor-size-default\">\u00bfEN QU\u00c9 PODEMOS AYUDARTE?<\/h1>\t\t\t\t<\/div>\n\t\t\t\t<\/div>\n\t\t\t\t<div class=\"elementor-element elementor-element-8a95cde elementor-widget elementor-widget-text-editor\" data-id=\"8a95cde\" data-element_type=\"widget\" data-e-type=\"widget\" data-widget_type=\"text-editor.default\">\n\t\t\t\t<div class=\"elementor-widget-container\">\n\t\t\t\t\t\t\t\t\t<p style=\"text-align: center;\">Aqu\u00ed encontrar\u00e1s tutoriales y respuestas a preguntas sobre el funcionamiento y uso de nuestros productos. Selecciona el tipo de producto sobre el que necesitas ayuda:<\/p>\t\t\t\t\t\t\t\t<\/div>\n\t\t\t\t<\/div>\n\t\t\t\t\t<\/div>\n\t\t\t\t<\/div>\n\t\t<div class=\"elementor-element elementor-element-5d034d57 e-flex e-con-boxed e-con e-parent\" data-id=\"5d034d57\" data-element_type=\"container\" data-e-type=\"container\" data-settings=\"{&quot;jet_parallax_layout_list&quot;:[]}\">\n\t\t\t\t\t<div class=\"e-con-inner\">\n\t\t<div class=\"elementor-element elementor-element-392c2130 e-con-full e-flex e-con e-child\" data-id=\"392c2130\" data-element_type=\"container\" data-e-type=\"container\" data-settings=\"{&quot;jet_parallax_layout_list&quot;:[]}\">\n\t\t\t\t<div class=\"elementor-element elementor-element-5e4dcf90 elementor-widget elementor-widget-image\" data-id=\"5e4dcf90\" data-element_type=\"widget\" data-e-type=\"widget\" data-widget_type=\"image.default\">\n\t\t\t\t<div class=\"elementor-widget-container\">\n\t\t\t\t\t\t\t\t\t\t\t\t\t\t\t\t<a href=\"https:\/\/subblim.com\/soporte-teclados\/\">\n\t\t\t\t\t\t\t<img fetchpriority=\"high\" decoding=\"async\" width=\"1214\" height=\"841\" src=\"https:\/\/subblim.com\/wp-content\/uploads\/2023\/05\/soporte-teclados-boton.jpg\" class=\"attachment-full size-full wp-image-76474\" alt=\"\u2705\" srcset=\"https:\/\/subblim.com\/wp-content\/uploads\/2023\/05\/soporte-teclados-boton.jpg 1214w, https:\/\/subblim.com\/wp-content\/uploads\/2023\/05\/soporte-teclados-boton-800x554.jpg 800w, https:\/\/subblim.com\/wp-content\/uploads\/2023\/05\/soporte-teclados-boton-64x44.jpg 64w, https:\/\/subblim.com\/wp-content\/uploads\/2023\/05\/soporte-teclados-boton-768x532.jpg 768w\" sizes=\"(max-width: 1214px) 100vw, 1214px\" title=\"\u2705\">\t\t\t\t\t\t\t\t<\/a>\n\t\t\t\t\t\t\t\t\t\t\t\t\t\t\t<\/div>\n\t\t\t\t<\/div>\n\t\t\t\t<\/div>\n\t\t<div class=\"elementor-element elementor-element-68e0b25 e-con-full e-flex e-con e-child\" data-id=\"68e0b25\" data-element_type=\"container\" data-e-type=\"container\" data-settings=\"{&quot;jet_parallax_layout_list&quot;:[]}\">\n\t\t\t\t<div class=\"elementor-element elementor-element-69648f40 elementor-widget elementor-widget-image\" data-id=\"69648f40\" data-element_type=\"widget\" data-e-type=\"widget\" data-widget_type=\"image.default\">\n\t\t\t\t<div class=\"elementor-widget-container\">\n\t\t\t\t\t\t\t\t\t\t\t\t\t\t\t\t<a href=\"https:\/\/subblim.com\/soporte-ratones\/\">\n\t\t\t\t\t\t\t<img decoding=\"async\" width=\"1214\" height=\"841\" src=\"https:\/\/subblim.com\/wp-content\/uploads\/2023\/05\/soporte-ratones-boton.jpg\" class=\"attachment-full size-full wp-image-76471\" alt=\"\u2705\" srcset=\"https:\/\/subblim.com\/wp-content\/uploads\/2023\/05\/soporte-ratones-boton.jpg 1214w, https:\/\/subblim.com\/wp-content\/uploads\/2023\/05\/soporte-ratones-boton-800x554.jpg 800w, https:\/\/subblim.com\/wp-content\/uploads\/2023\/05\/soporte-ratones-boton-64x44.jpg 64w, https:\/\/subblim.com\/wp-content\/uploads\/2023\/05\/soporte-ratones-boton-768x532.jpg 768w\" sizes=\"(max-width: 1214px) 100vw, 1214px\" title=\"\u2705\">\t\t\t\t\t\t\t\t<\/a>\n\t\t\t\t\t\t\t\t\t\t\t\t\t\t\t<\/div>\n\t\t\t\t<\/div>\n\t\t\t\t<\/div>\n\t\t\t\t\t<\/div>\n\t\t\t\t<\/div>\n\t\t<div class=\"elementor-element elementor-element-ac7ee9c e-flex e-con-boxed e-con e-parent\" data-id=\"ac7ee9c\" data-element_type=\"container\" data-e-type=\"container\" data-settings=\"{&quot;jet_parallax_layout_list&quot;:[]}\">\n\t\t\t\t\t<div class=\"e-con-inner\">\n\t\t<div class=\"elementor-element elementor-element-eff33e5 e-con-full e-flex e-con e-child\" data-id=\"eff33e5\" data-element_type=\"container\" data-e-type=\"container\" data-settings=\"{&quot;jet_parallax_layout_list&quot;:[]}\">\n\t\t\t\t<div class=\"elementor-element elementor-element-3303524 elementor-widget elementor-widget-image\" data-id=\"3303524\" data-element_type=\"widget\" data-e-type=\"widget\" data-widget_type=\"image.default\">\n\t\t\t\t<div class=\"elementor-widget-container\">\n\t\t\t\t\t\t\t\t\t\t\t\t\t\t\t\t<a href=\"https:\/\/subblim.com\/soporte-combos\/\">\n\t\t\t\t\t\t\t<img decoding=\"async\" width=\"1214\" height=\"841\" src=\"https:\/\/subblim.com\/wp-content\/uploads\/2023\/05\/boton-soporte-combos.png\" class=\"attachment-full size-full wp-image-76498\" alt=\"\u2705\" srcset=\"https:\/\/subblim.com\/wp-content\/uploads\/2023\/05\/boton-soporte-combos.png 1214w, https:\/\/subblim.com\/wp-content\/uploads\/2023\/05\/boton-soporte-combos-800x554.png 800w, https:\/\/subblim.com\/wp-content\/uploads\/2023\/05\/boton-soporte-combos-64x44.png 64w, https:\/\/subblim.com\/wp-content\/uploads\/2023\/05\/boton-soporte-combos-768x532.png 768w\" sizes=\"(max-width: 1214px) 100vw, 1214px\" title=\"\u2705\">\t\t\t\t\t\t\t\t<\/a>\n\t\t\t\t\t\t\t\t\t\t\t\t\t\t\t<\/div>\n\t\t\t\t<\/div>\n\t\t\t\t<\/div>\n\t\t<div class=\"elementor-element elementor-element-8e9eaff e-con-full e-flex e-con e-child\" data-id=\"8e9eaff\" data-element_type=\"container\" data-e-type=\"container\" data-settings=\"{&quot;jet_parallax_layout_list&quot;:[]}\">\n\t\t\t\t<div class=\"elementor-element elementor-element-7364599 elementor-widget elementor-widget-image\" data-id=\"7364599\" data-element_type=\"widget\" data-e-type=\"widget\" data-widget_type=\"image.default\">\n\t\t\t\t<div class=\"elementor-widget-container\">\n\t\t\t\t\t\t\t\t\t\t\t\t\t\t\t\t<a href=\"https:\/\/subblim.com\/soporte-fundas-teclado\/\">\n\t\t\t\t\t\t\t<img loading=\"lazy\" decoding=\"async\" width=\"1214\" height=\"841\" src=\"https:\/\/subblim.com\/wp-content\/uploads\/2023\/05\/soporte-fundas-con-teclado-boton.jpg\" class=\"attachment-full size-full wp-image-76465\" alt=\"\u2705\" srcset=\"https:\/\/subblim.com\/wp-content\/uploads\/2023\/05\/soporte-fundas-con-teclado-boton.jpg 1214w, https:\/\/subblim.com\/wp-content\/uploads\/2023\/05\/soporte-fundas-con-teclado-boton-800x554.jpg 800w, https:\/\/subblim.com\/wp-content\/uploads\/2023\/05\/soporte-fundas-con-teclado-boton-64x44.jpg 64w, https:\/\/subblim.com\/wp-content\/uploads\/2023\/05\/soporte-fundas-con-teclado-boton-768x532.jpg 768w\" sizes=\"(max-width: 1214px) 100vw, 1214px\" title=\"\u2705\">\t\t\t\t\t\t\t\t<\/a>\n\t\t\t\t\t\t\t\t\t\t\t\t\t\t\t<\/div>\n\t\t\t\t<\/div>\n\t\t\t\t<\/div>\n\t\t\t\t\t<\/div>\n\t\t\t\t<\/div>\n\t\t<div class=\"elementor-element elementor-element-1be66ff e-flex e-con-boxed e-con e-parent\" data-id=\"1be66ff\" data-element_type=\"container\" data-e-type=\"container\" data-settings=\"{&quot;jet_parallax_layout_list&quot;:[]}\">\n\t\t\t\t\t<div class=\"e-con-inner\">\n\t\t<div class=\"elementor-element elementor-element-a3da94c e-con-full e-flex e-con e-child\" data-id=\"a3da94c\" data-element_type=\"container\" data-e-type=\"container\" data-settings=\"{&quot;jet_parallax_layout_list&quot;:[]}\">\n\t\t\t\t<div class=\"elementor-element elementor-element-0234be9 elementor-widget elementor-widget-image\" data-id=\"0234be9\" data-element_type=\"widget\" data-e-type=\"widget\" data-widget_type=\"image.default\">\n\t\t\t\t<div class=\"elementor-widget-container\">\n\t\t\t\t\t\t\t\t\t\t\t\t\t\t\t\t<a href=\"https:\/\/subblim.com\/soporte-mochilas\/\">\n\t\t\t\t\t\t\t<img loading=\"lazy\" decoding=\"async\" width=\"1214\" height=\"841\" src=\"https:\/\/subblim.com\/wp-content\/uploads\/2023\/05\/soporte-mochilas-boton.jpg\" class=\"attachment-full size-full wp-image-76468\" alt=\"\u2705\" srcset=\"https:\/\/subblim.com\/wp-content\/uploads\/2023\/05\/soporte-mochilas-boton.jpg 1214w, https:\/\/subblim.com\/wp-content\/uploads\/2023\/05\/soporte-mochilas-boton-800x554.jpg 800w, https:\/\/subblim.com\/wp-content\/uploads\/2023\/05\/soporte-mochilas-boton-64x44.jpg 64w, https:\/\/subblim.com\/wp-content\/uploads\/2023\/05\/soporte-mochilas-boton-768x532.jpg 768w\" sizes=\"(max-width: 1214px) 100vw, 1214px\" title=\"\u2705\">\t\t\t\t\t\t\t\t<\/a>\n\t\t\t\t\t\t\t\t\t\t\t\t\t\t\t<\/div>\n\t\t\t\t<\/div>\n\t\t\t\t<\/div>\n\t\t<div class=\"elementor-element elementor-element-388bb5d e-con-full e-flex e-con e-child\" data-id=\"388bb5d\" data-element_type=\"container\" data-e-type=\"container\" data-settings=\"{&quot;jet_parallax_layout_list&quot;:[]}\">\n\t\t\t\t<\/div>\n\t\t\t\t\t<\/div>\n\t\t\t\t<\/div>\n\t\t<div class=\"elementor-element elementor-element-adcd84f e-flex e-con-boxed e-con e-parent\" data-id=\"adcd84f\" data-element_type=\"container\" data-e-type=\"container\" data-settings=\"{&quot;jet_parallax_layout_list&quot;:[]}\">\n\t\t\t\t\t<div class=\"e-con-inner\">\n\t\t\t\t<div class=\"elementor-element elementor-element-79e33fd elementor-widget elementor-widget-spacer\" data-id=\"79e33fd\" data-element_type=\"widget\" data-e-type=\"widget\" data-widget_type=\"spacer.default\">\n\t\t\t\t<div class=\"elementor-widget-container\">\n\t\t\t\t\t\t\t<div class=\"elementor-spacer\">\n\t\t\t<div class=\"elementor-spacer-inner\"><\/div>\n\t\t<\/div>\n\t\t\t\t\t\t<\/div>\n\t\t\t\t<\/div>\n\t\t\t\t<div class=\"elementor-element elementor-element-7f0de350 elementor-widget-divider--view-line_icon elementor-view-default elementor-widget-divider--element-align-center elementor-widget elementor-widget-divider\" data-id=\"7f0de350\" data-element_type=\"widget\" data-e-type=\"widget\" data-widget_type=\"divider.default\">\n\t\t\t\t<div class=\"elementor-widget-container\">\n\t\t\t\t\t\t\t<div class=\"elementor-divider\">\n\t\t\t<span class=\"elementor-divider-separator\">\n\t\t\t\t\t\t\t<div class=\"elementor-icon elementor-divider__element\">\n\t\t\t\t\t<svg aria-hidden=\"true\" class=\"e-font-icon-svg e-fas-question\" viewBox=\"0 0 384 512\" xmlns=\"http:\/\/www.w3.org\/2000\/svg\"><path d=\"M202.021 0C122.202 0 70.503 32.703 29.914 91.026c-7.363 10.58-5.093 25.086 5.178 32.874l43.138 32.709c10.373 7.865 25.132 6.026 33.253-4.148 25.049-31.381 43.63-49.449 82.757-49.449 30.764 0 68.816 19.799 68.816 49.631 0 22.552-18.617 34.134-48.993 51.164-35.423 19.86-82.299 44.576-82.299 106.405V320c0 13.255 10.745 24 24 24h72.471c13.255 0 24-10.745 24-24v-5.773c0-42.86 125.268-44.645 125.268-160.627C377.504 66.256 286.902 0 202.021 0zM192 373.459c-38.196 0-69.271 31.075-69.271 69.271 0 38.195 31.075 69.27 69.271 69.27s69.271-31.075 69.271-69.271-31.075-69.27-69.271-69.27z\"><\/path><\/svg><\/div>\n\t\t\t\t\t\t<\/span>\n\t\t<\/div>\n\t\t\t\t\t\t<\/div>\n\t\t\t\t<\/div>\n\t\t\t\t<div class=\"elementor-element elementor-element-7facc3f9 elementor-widget elementor-widget-heading\" data-id=\"7facc3f9\" data-element_type=\"widget\" data-e-type=\"widget\" id=\"formulario-soporte\" data-widget_type=\"heading.default\">\n\t\t\t\t<div class=\"elementor-widget-container\">\n\t\t\t\t\t<h3 class=\"elementor-heading-title elementor-size-default\">\u00bfNO ENCUENTRAS LA RESPUESTA? ESCR\u00cdBENOS<\/h3>\t\t\t\t<\/div>\n\t\t\t\t<\/div>\n\t\t\t\t<div class=\"elementor-element elementor-element-31ddf526 elementor-widget elementor-widget-text-editor\" data-id=\"31ddf526\" data-element_type=\"widget\" data-e-type=\"widget\" data-widget_type=\"text-editor.default\">\n\t\t\t\t<div class=\"elementor-widget-container\">\n\t\t\t\t\t\t\t\t\t<p style=\"text-align: center;\">Si no encuentras la respuesta a tu consulta en nuestra web, por favor env\u00edanos los siguientes datos y nos pondremos en contacto contigo lo antes posible. En caso de gestionar una garant\u00eda, no olvides adjuntar el tiquet o factura de compra, en formato imagen o PDF, en el apartado \u00ab\u00a0Seleccionar Archivo\u00a0\u00bb<\/p>\t\t\t\t\t\t\t\t<\/div>\n\t\t\t\t<\/div>\n\t\t\t\t<div class=\"elementor-element elementor-element-8cff90f elementor-button-align-end elementor-widget__width-auto elementor-widget elementor-widget-form\" data-id=\"8cff90f\" data-element_type=\"widget\" data-e-type=\"widget\" data-settings=\"{&quot;step_next_label&quot;:&quot;Siguiente&quot;,&quot;step_previous_label&quot;:&quot;Anterior&quot;,&quot;step_type&quot;:&quot;number_text&quot;,&quot;step_icon_shape&quot;:&quot;circle&quot;}\" data-widget_type=\"form.default\">\n\t\t\t\t<div class=\"elementor-widget-container\">\n\t\t\t\t\t\t\t<form class=\"elementor-form\" method=\"post\" id=\"form_soporte\" name=\"Formulario de Soporte\" aria-label=\"Formulario de Soporte\">\n\t\t\t<input type=\"hidden\" name=\"post_id\" value=\"82276\"\/>\n\t\t\t<input type=\"hidden\" name=\"form_id\" value=\"8cff90f\"\/>\n\t\t\t<input type=\"hidden\" name=\"referer_title\" value=\"Soporte t\u00e9cnico | SUBBLIM\" \/>\n\n\t\t\t\t\t\t\t<input type=\"hidden\" name=\"queried_id\" value=\"82276\"\/>\n\t\t\t\n\t\t\t<div class=\"elementor-form-fields-wrapper elementor-labels-above\">\n\t\t\t\t\t\t\t\t<div class=\"elementor-field-type-select elementor-field-group elementor-column elementor-field-group-field_d9c7b56 elementor-col-75 elementor-field-required\">\n\t\t\t\t\t\t\t\t\t\t\t\t<label for=\"form-field-field_d9c7b56\" class=\"elementor-field-label\">\n\t\t\t\t\t\t\t\tSelecciona el tipo de consulta\t\t\t\t\t\t\t<\/label>\n\t\t\t\t\t\t\t\t<div class=\"elementor-field elementor-select-wrapper remove-before \">\n\t\t\t<div class=\"select-caret-down-wrapper\">\n\t\t\t\t<svg aria-hidden=\"true\" class=\"e-font-icon-svg e-eicon-caret-down\" viewBox=\"0 0 571.4 571.4\" xmlns=\"http:\/\/www.w3.org\/2000\/svg\"><path d=\"M571 393Q571 407 561 418L311 668Q300 679 286 679T261 668L11 418Q0 407 0 393T11 368 36 357H536Q550 357 561 368T571 393Z\"><\/path><\/svg>\t\t\t<\/div>\n\t\t\t<select name=\"form_fields[field_d9c7b56]\" id=\"form-field-field_d9c7b56\" class=\"elementor-field-textual elementor-size-sm\" required=\"required\">\n\t\t\t\t\t\t\t\t\t<option value=\"Soporte t\u00e9cnico\">Soporte t\u00e9cnico<\/option>\n\t\t\t\t\t\t\t\t\t<option value=\"Gesti\u00f3n de garant\u00eda \">Gesti\u00f3n de garant\u00eda <\/option>\n\t\t\t\t\t\t\t\t\t<option value=\"Ayuda Compra\">Ayuda Compra<\/option>\n\t\t\t\t\t\t\t\t\t<option value=\"Informaci\u00f3n sobre mi pedido\">Informaci\u00f3n sobre mi pedido<\/option>\n\t\t\t\t\t\t\t<\/select>\n\t\t<\/div>\n\t\t\t\t\t\t<\/div>\n\t\t\t\t\t\t\t\t<div class=\"elementor-field-type-text elementor-field-group elementor-column elementor-field-group-field_4e7cc98 elementor-col-75 elementor-field-required\">\n\t\t\t\t\t\t\t\t\t\t\t\t<label for=\"form-field-field_4e7cc98\" class=\"elementor-field-label\">\n\t\t\t\t\t\t\t\tNombre\t\t\t\t\t\t\t<\/label>\n\t\t\t\t\t\t\t\t\t\t\t\t\t\t<input size=\"1\" type=\"text\" name=\"form_fields[field_4e7cc98]\" id=\"form-field-field_4e7cc98\" class=\"elementor-field elementor-size-sm  elementor-field-textual\" placeholder=\"Nombre y Apellidos\" required=\"required\">\n\t\t\t\t\t\t\t\t\t\t\t<\/div>\n\t\t\t\t\t\t\t\t<div class=\"elementor-field-type-email elementor-field-group elementor-column elementor-field-group-field_8995a0e elementor-col-75 elementor-field-required\">\n\t\t\t\t\t\t\t\t\t\t\t\t<label for=\"form-field-field_8995a0e\" class=\"elementor-field-label\">\n\t\t\t\t\t\t\t\tEmail\t\t\t\t\t\t\t<\/label>\n\t\t\t\t\t\t\t\t\t\t\t\t\t\t<input size=\"1\" type=\"email\" name=\"form_fields[field_8995a0e]\" id=\"form-field-field_8995a0e\" class=\"elementor-field elementor-size-sm  elementor-field-textual\" placeholder=\"ejemplo@ejemplo.com\" required=\"required\">\n\t\t\t\t\t\t\t\t\t\t\t<\/div>\n\t\t\t\t\t\t\t\t<div class=\"elementor-field-type-tel elementor-field-group elementor-column elementor-field-group-field_9009d9d elementor-col-75 elementor-field-required\">\n\t\t\t\t\t\t\t\t\t\t\t\t<label for=\"form-field-field_9009d9d\" class=\"elementor-field-label\">\n\t\t\t\t\t\t\t\tTelefono\t\t\t\t\t\t\t<\/label>\n\t\t\t\t\t\t\t\t<input size=\"1\" type=\"tel\" name=\"form_fields[field_9009d9d]\" id=\"form-field-field_9009d9d\" class=\"elementor-field elementor-size-sm  elementor-field-textual\" placeholder=\"Telefono\" required=\"required\" pattern=\"[0-9()#&amp;+*-=.]+\" title=\"Seuls les caract\u00e8res de num\u00e9ros de t\u00e9l\u00e9phone (#, -, *, etc.) sont accept\u00e9s.\">\n\n\t\t\t\t\t\t<\/div>\n\t\t\t\t\t\t\t\t<div class=\"elementor-field-type-date elementor-field-group elementor-column elementor-field-group-email elementor-col-75\">\n\t\t\t\t\t\t\t\t\t\t\t\t<label for=\"form-field-email\" class=\"elementor-field-label\">\n\t\t\t\t\t\t\t\tFecha compra\t\t\t\t\t\t\t<\/label>\n\t\t\t\t\t\t\n\t\t<input type=\"date\" name=\"form_fields[email]\" id=\"form-field-email\" class=\"elementor-field elementor-size-sm  elementor-field-textual elementor-date-field\" placeholder=\"DD\/MM\/AA\" pattern=\"[0-9]{4}-[0-9]{2}-[0-9]{2}\">\n\t\t\t\t\t\t<\/div>\n\t\t\t\t\t\t\t\t<div class=\"elementor-field-type-text elementor-field-group elementor-column elementor-field-group-field_78d51da elementor-col-75\">\n\t\t\t\t\t\t\t\t\t\t\t\t<label for=\"form-field-field_78d51da\" class=\"elementor-field-label\">\n\t\t\t\t\t\t\t\tLugar de compra\t\t\t\t\t\t\t<\/label>\n\t\t\t\t\t\t\t\t\t\t\t\t\t\t<input size=\"1\" type=\"text\" name=\"form_fields[field_78d51da]\" id=\"form-field-field_78d51da\" class=\"elementor-field elementor-size-sm  elementor-field-textual\" placeholder=\"Centro o tienda y\/o n\u00ba de pedido\">\n\t\t\t\t\t\t\t\t\t\t\t<\/div>\n\t\t\t\t\t\t\t\t<div class=\"elementor-field-type-textarea elementor-field-group elementor-column elementor-field-group-field_5e03807 elementor-col-75 elementor-field-required\">\n\t\t\t\t\t\t\t\t\t\t\t\t<label for=\"form-field-field_5e03807\" class=\"elementor-field-label\">\n\t\t\t\t\t\t\t\tDirecci\u00f3n \t\t\t\t\t\t\t<\/label>\n\t\t\t\t\t\t<textarea class=\"elementor-field-textual elementor-field  elementor-size-sm\" name=\"form_fields[field_5e03807]\" id=\"form-field-field_5e03807\" rows=\"4\" placeholder=\"Direcci\u00f3n de env\u00edo o recogida, C\u00f3digo postal, Ciudad, Provincia\" required=\"required\"><\/textarea>\t\t\t\t<\/div>\n\t\t\t\t\t\t\t\t<div class=\"elementor-field-type-text elementor-field-group elementor-column elementor-field-group-field_88ef758 elementor-col-75 elementor-field-required\">\n\t\t\t\t\t\t\t\t\t\t\t\t<label for=\"form-field-field_88ef758\" class=\"elementor-field-label\">\n\t\t\t\t\t\t\t\tIdentificacion producto\t\t\t\t\t\t\t<\/label>\n\t\t\t\t\t\t\t\t\t\t\t\t\t\t<input size=\"1\" type=\"text\" name=\"form_fields[field_88ef758]\" id=\"form-field-field_88ef758\" class=\"elementor-field elementor-size-sm  elementor-field-textual\" placeholder=\"Nombre \/ SKU o EAN del producto\" required=\"required\">\n\t\t\t\t\t\t\t\t\t\t\t<\/div>\n\t\t\t\t\t\t\t\t<div class=\"elementor-field-type-textarea elementor-field-group elementor-column elementor-field-group-field_8a45f46 elementor-col-75 elementor-field-required\">\n\t\t\t\t\t\t\t\t\t\t\t\t<label for=\"form-field-field_8a45f46\" class=\"elementor-field-label\">\n\t\t\t\t\t\t\t\tDeja aqu\u00ed tu consulta\t\t\t\t\t\t\t<\/label>\n\t\t\t\t\t\t<textarea class=\"elementor-field-textual elementor-field  elementor-size-sm\" name=\"form_fields[field_8a45f46]\" id=\"form-field-field_8a45f46\" rows=\"4\" placeholder=\"Com\u00e9ntanos en qu\u00e9 podemos ayudarte\" required=\"required\"><\/textarea>\t\t\t\t<\/div>\n\t\t\t\t\t\t\t\t<div class=\"elementor-field-type-upload elementor-field-group elementor-column elementor-field-group-field_2a75999 elementor-col-75\">\n\t\t\t\t\t\t\t\t\t\t\t\t<label for=\"form-field-field_2a75999\" class=\"elementor-field-label\">\n\t\t\t\t\t\t\t\tPulsa en seleccionar archivo y d\u00e9janos tu tiquet de compra , foto o v\u00eddeo para agilizar la consulta:\t\t\t\t\t\t\t<\/label>\n\t\t\t\t\t\t\t\t<input type=\"file\" name=\"form_fields[field_2a75999]\" id=\"form-field-field_2a75999\" class=\"elementor-field elementor-size-sm  elementor-upload-field\">\n\n\t\t\t\t\t\t<\/div>\n\t\t\t\t\t\t\t\t<div class=\"elementor-field-type-acceptance elementor-field-group elementor-column elementor-field-group-field_0d23f66 elementor-col-100 elementor-field-required\">\n\t\t\t\t\t\t\t\t\t\t\t\t<label for=\"form-field-field_0d23f66\" class=\"elementor-field-label\">\n\t\t\t\t\t\t\t\tPolitica privacidad\t\t\t\t\t\t\t<\/label>\n\t\t\t\t\t\t\t\t<div class=\"elementor-field-subgroup\">\n\t\t\t<span class=\"elementor-field-option\">\n\t\t\t\t<input type=\"checkbox\" name=\"form_fields[field_0d23f66]\" id=\"form-field-field_0d23f66\" class=\"elementor-field elementor-size-sm  elementor-acceptance-field\" required=\"required\">\n\t\t\t\t<label for=\"form-field-field_0d23f66\">He le\u00eddo y acepto la <ahref=\"https:\/\/subblim.com\/politica-de-privacidad-y-uso-de-cookies\/>pol\u00edtica de privacidad<\/a>.<\/label>\t\t\t<\/span>\n\t\t<\/div>\n\t\t\t\t\t\t<\/div>\n\t\t\t\t\t\t\t\t<div class=\"elementor-field-type-hidden elementor-field-group elementor-column elementor-field-group-field_ec11e5e elementor-col-100\">\n\t\t\t\t\t\t\t\t\t\t\t\t\t<input size=\"1\" type=\"hidden\" name=\"form_fields[field_ec11e5e]\" id=\"form-field-field_ec11e5e\" class=\"elementor-field elementor-size-sm  elementor-field-textual\" value=\"1\">\n\t\t\t\t\t\t\t\t\t\t\t<\/div>\n\t\t\t\t\t\t\t\t<div class=\"elementor-field-group elementor-column elementor-field-type-submit elementor-col-100 e-form__buttons\">\n\t\t\t\t\t<button class=\"elementor-button elementor-size-sm\" type=\"submit\">\n\t\t\t\t\t\t<span class=\"elementor-button-content-wrapper\">\n\t\t\t\t\t\t\t\t\t\t\t\t\t\t\t\t\t\t\t\t\t\t<span class=\"elementor-button-text\">Enviar<\/span>\n\t\t\t\t\t\t\t\t\t\t\t\t\t<\/span>\n\t\t\t\t\t<\/button>\n\t\t\t\t<\/div>\n\t\t\t<\/div>\n\t\t<\/form>\n\t\t\t\t\t\t<\/div>\n\t\t\t\t<\/div>\n\t\t\t\t<div class=\"elementor-element elementor-element-7acb0852 elementor-widget elementor-widget-spacer\" data-id=\"7acb0852\" data-element_type=\"widget\" data-e-type=\"widget\" data-widget_type=\"spacer.default\">\n\t\t\t\t<div class=\"elementor-widget-container\">\n\t\t\t\t\t\t\t<div class=\"elementor-spacer\">\n\t\t\t<div class=\"elementor-spacer-inner\"><\/div>\n\t\t<\/div>\n\t\t\t\t\t\t<\/div>\n\t\t\t\t<\/div>\n\t\t\t\t\t<\/div>\n\t\t\t\t<\/div>\n\t\t\t\t<\/div>\n\t\t","protected":false},"excerpt":{"rendered":"<p>soporte \u00bfEN QU\u00c9 PODEMOS AYUDARTE? Aqu\u00ed encontrar\u00e1s tutoriales y respuestas a preguntas sobre el funcionamiento y uso de nuestros productos. Selecciona el tipo de producto sobre el que necesitas ayuda: \u00bfNO ENCUENTRAS LA RESPUESTA? ESCR\u00cdBENOS Si no encuentras la respuesta a tu consulta en nuestra web, por favor env\u00edanos los siguientes datos y nos pondremos [&hellip;]<\/p>\n","protected":false},"author":2,"featured_media":0,"parent":0,"menu_order":0,"comment_status":"closed","ping_status":"closed","template":"","meta":{"footnotes":""},"class_list":["post-82276","page","type-page","status-publish","hentry"],"_links":{"self":[{"href":"https:\/\/subblim.com\/fr\/wp-json\/wp\/v2\/pages\/82276","targetHints":{"allow":["GET"]}}],"collection":[{"href":"https:\/\/subblim.com\/fr\/wp-json\/wp\/v2\/pages"}],"about":[{"href":"https:\/\/subblim.com\/fr\/wp-json\/wp\/v2\/types\/page"}],"author":[{"embeddable":true,"href":"https:\/\/subblim.com\/fr\/wp-json\/wp\/v2\/users\/2"}],"replies":[{"embeddable":true,"href":"https:\/\/subblim.com\/fr\/wp-json\/wp\/v2\/comments?post=82276"}],"version-history":[{"count":0,"href":"https:\/\/subblim.com\/fr\/wp-json\/wp\/v2\/pages\/82276\/revisions"}],"wp:attachment":[{"href":"https:\/\/subblim.com\/fr\/wp-json\/wp\/v2\/media?parent=82276"}],"curies":[{"name":"wp","href":"https:\/\/api.w.org\/{rel}","templated":true}]}}