{"id":82171,"date":"2021-11-04T14:34:26","date_gmt":"2021-11-04T13:34:26","guid":{"rendered":"https:\/\/subblim.com\/blog-subblim\/"},"modified":"2026-03-17T18:05:28","modified_gmt":"2026-03-17T17:05:28","slug":"blog-subblim","status":"publish","type":"page","link":"https:\/\/subblim.com\/fr\/blog-subblim\/","title":{"rendered":"Blog Subblim"},"content":{"rendered":"\t\t<div data-elementor-type=\"wp-page\" data-elementor-id=\"82171\" class=\"elementor elementor-82171 elementor-33529\" data-elementor-post-type=\"page\">\n\t\t\t\t<div class=\"elementor-element elementor-element-3d620f5c e-con-full e-flex e-con e-parent\" data-id=\"3d620f5c\" data-element_type=\"container\" data-e-type=\"container\" data-settings=\"{&quot;jet_parallax_layout_list&quot;:[]}\">\n\t\t\t\t<\/div>\n\t\t<div class=\"elementor-element elementor-element-013daef e-flex e-con-boxed e-con e-parent\" data-id=\"013daef\" data-element_type=\"container\" data-e-type=\"container\" data-settings=\"{&quot;jet_parallax_layout_list&quot;:[]}\">\n\t\t\t\t\t<div class=\"e-con-inner\">\n\t\t\t\t<div class=\"elementor-element elementor-element-74c806f elementor-widget elementor-widget-heading\" data-id=\"74c806f\" data-element_type=\"widget\" data-e-type=\"widget\" data-widget_type=\"heading.default\">\n\t\t\t\t<div class=\"elementor-widget-container\">\n\t\t\t\t\t<h1 class=\"elementor-heading-title elementor-size-default\">Blog SUBBLIM<\/h1>\t\t\t\t<\/div>\n\t\t\t\t<\/div>\n\t\t\t\t<div class=\"elementor-element elementor-element-7bf8b7d elementor-widget elementor-widget-heading\" data-id=\"7bf8b7d\" data-element_type=\"widget\" data-e-type=\"widget\" data-widget_type=\"heading.default\">\n\t\t\t\t<div class=\"elementor-widget-container\">\n\t\t\t\t\t<h2 class=\"elementor-heading-title elementor-size-default\">R\u00e9ponses \u00e0 vos questions et curiosit\u00e9s concernant les derniers accessoires informatiques<\/h2>\t\t\t\t<\/div>\n\t\t\t\t<\/div>\n\t\t\t\t<div class=\"elementor-element elementor-element-63191b7 elementor-widget elementor-widget-heading\" data-id=\"63191b7\" data-element_type=\"widget\" data-e-type=\"widget\" data-widget_type=\"heading.default\">\n\t\t\t\t<div class=\"elementor-widget-container\">\n\t\t\t\t\t<div class=\"elementor-heading-title elementor-size-default\">(En espagnol)<\/div>\t\t\t\t<\/div>\n\t\t\t\t<\/div>\n\t\t\t\t\t<\/div>\n\t\t\t\t<\/div>\n\t\t<div class=\"elementor-element elementor-element-9779fb3 e-flex e-con-boxed e-con e-parent\" data-id=\"9779fb3\" data-element_type=\"container\" data-e-type=\"container\" data-settings=\"{&quot;jet_parallax_layout_list&quot;:[]}\">\n\t\t\t\t\t<div class=\"e-con-inner\">\n\t\t\t\t<div class=\"elementor-element elementor-element-9120e00 elementor-grid-3 elementor-grid-tablet-2 elementor-grid-mobile-1 elementor-posts--thumbnail-top elementor-card-shadow-yes elementor-posts__hover-gradient elementor-widget elementor-widget-posts\" data-id=\"9120e00\" data-element_type=\"widget\" data-e-type=\"widget\" data-settings=\"{&quot;pagination_type&quot;:&quot;numbers&quot;,&quot;cards_columns&quot;:&quot;3&quot;,&quot;cards_columns_tablet&quot;:&quot;2&quot;,&quot;cards_columns_mobile&quot;:&quot;1&quot;,&quot;cards_row_gap&quot;:{&quot;unit&quot;:&quot;px&quot;,&quot;size&quot;:35,&quot;sizes&quot;:[]},&quot;cards_row_gap_tablet&quot;:{&quot;unit&quot;:&quot;px&quot;,&quot;size&quot;:&quot;&quot;,&quot;sizes&quot;:[]},&quot;cards_row_gap_mobile&quot;:{&quot;unit&quot;:&quot;px&quot;,&quot;size&quot;:&quot;&quot;,&quot;sizes&quot;:[]}}\" data-widget_type=\"posts.cards\">\n\t\t\t\t<div class=\"elementor-widget-container\">\n\t\t\t\t\t\t\t<div class=\"elementor-posts-container elementor-posts elementor-posts--skin-cards elementor-grid\" role=\"list\">\n\t\t\t\t<article class=\"elementor-post elementor-grid-item post-82312 post type-post status-publish format-standard has-post-thumbnail hentry category-blog-fr category-bolsas-y-fundas-portatil-fr category-vuelta-al-cole-fr\" role=\"listitem\">\n\t\t\t<div class=\"elementor-post__card\">\n\t\t\t\t<a class=\"elementor-post__thumbnail__link\" href=\"https:\/\/subblim.com\/fr\/la-mejor-mochila-par-portatil-vuelta-al-cole\/\" tabindex=\"-1\"><div class=\"elementor-post__thumbnail\"><img fetchpriority=\"high\" decoding=\"async\" width=\"768\" height=\"354\" src=\"https:\/\/subblim.com\/wp-content\/uploads\/2023\/09\/la-mejor-mochila-para-portatil-blog-subblim-768x354.jpg\" class=\"attachment-medium_large size-medium_large wp-image-79742\" alt=\"\u2705\" srcset=\"https:\/\/subblim.com\/wp-content\/uploads\/2023\/09\/la-mejor-mochila-para-portatil-blog-subblim-768x354.jpg 768w, https:\/\/subblim.com\/wp-content\/uploads\/2023\/09\/la-mejor-mochila-para-portatil-blog-subblim-1500x692.jpg 1500w, https:\/\/subblim.com\/wp-content\/uploads\/2023\/09\/la-mejor-mochila-para-portatil-blog-subblim-2048x945.jpg 2048w, https:\/\/subblim.com\/wp-content\/uploads\/2023\/09\/la-mejor-mochila-para-portatil-blog-subblim-1536x709.jpg 1536w, https:\/\/subblim.com\/wp-content\/uploads\/2023\/09\/la-mejor-mochila-para-portatil-blog-subblim-800x369.jpg 800w, https:\/\/subblim.com\/wp-content\/uploads\/2023\/09\/la-mejor-mochila-para-portatil-blog-subblim-64x30.jpg 64w\" sizes=\"(max-width: 768px) 100vw, 768px\" title=\"\u2705\"><\/div><\/a>\n\t\t\t\t<div class=\"elementor-post__text\">\n\t\t\t\t<h2 class=\"elementor-post__title\">\n\t\t\t<a href=\"https:\/\/subblim.com\/fr\/la-mejor-mochila-par-portatil-vuelta-al-cole\/\">\n\t\t\t\tLa mejor mochila para port\u00e1til\t\t\t<\/a>\n\t\t<\/h2>\n\t\t\t\t<div class=\"elementor-post__excerpt\">\n\t\t\t<p>La mochila ideal para port\u00e1til depender\u00e1 de tus necesidades y preferencias individuales, sin embargo, hay una serie de caracter\u00edsticas b\u00e1sicas que son las que determinar\u00e1n si est\u00e1s ante la mejor mochila para port\u00e1til. Protecci\u00f3n para el ordenador: Para empezar y como es l\u00f3gico hablando de mochilas para port\u00e1til, la protecci\u00f3n<\/p>\n\t\t<\/div>\n\t\t\n\t\t<a class=\"elementor-post__read-more\" href=\"https:\/\/subblim.com\/fr\/la-mejor-mochila-par-portatil-vuelta-al-cole\/\" aria-label=\"En savoir plus sur La mejor mochila para port\u00e1til\" tabindex=\"-1\">\n\t\t\tLeer m\u00e1s \u00bb\t\t<\/a>\n\n\t\t\t\t<\/div>\n\t\t\t\t<div class=\"elementor-post__meta-data\">\n\t\t\t\t\t<span class=\"elementor-post-date\">\n\t\t\t5 de septembre de 2023\t\t<\/span>\n\t\t\t\t<span class=\"elementor-post-avatar\">\n\t\t\tAucun commentaire\t\t<\/span>\n\t\t\t\t<\/div>\n\t\t\t\t\t<\/div>\n\t\t<\/article>\n\t\t\t\t<article class=\"elementor-post elementor-grid-item post-82315 post type-post status-publish format-standard has-post-thumbnail hentry category-blog-fr category-home-office-fr category-soluciones-fr category-vuelta-al-cole-fr tag-accesorios-para-estudiantes-fr tag-accesorios-trabajo-fr tag-combos-multidispositivo-fr tag-home-office-fr tag-raton-dual-fr tag-raton-multidispositivo-fr tag-subblim-fr tag-teclado-bluetooth-fr tag-teclado-dual-fr tag-teclado-multidispositivo-fr tag-vuelta-al-cole-fr\" role=\"listitem\">\n\t\t\t<div class=\"elementor-post__card\">\n\t\t\t\t<a class=\"elementor-post__thumbnail__link\" href=\"https:\/\/subblim.com\/fr\/dominando-la-multitarea-tecnologica-como-usar-varios-dispositivos-a-la-vez-y-no-morir-en-el-intento\/\" tabindex=\"-1\"><div class=\"elementor-post__thumbnail\"><img decoding=\"async\" width=\"768\" height=\"354\" src=\"https:\/\/subblim.com\/wp-content\/uploads\/2023\/08\/BANNERS-BLOG-2340X1080-1-768x354.jpg\" class=\"attachment-medium_large size-medium_large wp-image-79721\" alt=\"\u2705\" srcset=\"https:\/\/subblim.com\/wp-content\/uploads\/2023\/08\/BANNERS-BLOG-2340X1080-1-768x354.jpg 768w, https:\/\/subblim.com\/wp-content\/uploads\/2023\/08\/BANNERS-BLOG-2340X1080-1-1500x692.jpg 1500w, https:\/\/subblim.com\/wp-content\/uploads\/2023\/08\/BANNERS-BLOG-2340X1080-1-2048x945.jpg 2048w, https:\/\/subblim.com\/wp-content\/uploads\/2023\/08\/BANNERS-BLOG-2340X1080-1-1536x709.jpg 1536w, https:\/\/subblim.com\/wp-content\/uploads\/2023\/08\/BANNERS-BLOG-2340X1080-1-800x369.jpg 800w, https:\/\/subblim.com\/wp-content\/uploads\/2023\/08\/BANNERS-BLOG-2340X1080-1-64x30.jpg 64w\" sizes=\"(max-width: 768px) 100vw, 768px\" title=\"\u2705\"><\/div><\/a>\n\t\t\t\t<div class=\"elementor-post__text\">\n\t\t\t\t<h2 class=\"elementor-post__title\">\n\t\t\t<a href=\"https:\/\/subblim.com\/fr\/dominando-la-multitarea-tecnologica-como-usar-varios-dispositivos-a-la-vez-y-no-morir-en-el-intento\/\">\n\t\t\t\tDominando la Multitarea Tecnol\u00f3gica: c\u00f3mo usar varios dispositivos a la vez y no morir en el intento\t\t\t<\/a>\n\t\t<\/h2>\n\t\t\t\t<div class=\"elementor-post__excerpt\">\n\t\t\t<p>La multitarea est\u00e1 a la orden del d\u00eda, se ha convertido en una habilidad esencial que todos practicamos de un modo u otro. Trabajamos con ordenadores, tables, iPads, m\u00f3viles, lo cual nos da la posibilidad de realizar m\u00faltiples tareas al mismo tiempo. Pero la multitarea, que puede ser tentadora, puede<\/p>\n\t\t<\/div>\n\t\t\n\t\t<a class=\"elementor-post__read-more\" href=\"https:\/\/subblim.com\/fr\/dominando-la-multitarea-tecnologica-como-usar-varios-dispositivos-a-la-vez-y-no-morir-en-el-intento\/\" aria-label=\"En savoir plus sur Dominando la Multitarea Tecnol\u00f3gica: c\u00f3mo usar varios dispositivos a la vez y no morir en el intento\" tabindex=\"-1\">\n\t\t\tLeer m\u00e1s \u00bb\t\t<\/a>\n\n\t\t\t\t<\/div>\n\t\t\t\t<div class=\"elementor-post__meta-data\">\n\t\t\t\t\t<span class=\"elementor-post-date\">\n\t\t\t29 de ao\u00fbt de 2023\t\t<\/span>\n\t\t\t\t<span class=\"elementor-post-avatar\">\n\t\t\tAucun commentaire\t\t<\/span>\n\t\t\t\t<\/div>\n\t\t\t\t\t<\/div>\n\t\t<\/article>\n\t\t\t\t<article class=\"elementor-post elementor-grid-item post-82318 post type-post status-publish format-standard has-post-thumbnail hentry category-blog-fr category-soluciones-fr category-vuelta-al-cole-fr tag-accesorios-para-estudiantes-fr tag-accesorios-trabajo-fr tag-combos-multidispositivo-fr tag-habitacion-de-estudio-fr tag-home-office-fr tag-raton-dual-fr tag-raton-multidispositivo-fr tag-subblim-fr tag-teclado-dual-fr tag-teclado-multidispositivo-fr tag-vuelta-al-cole-fr\" role=\"listitem\">\n\t\t\t<div class=\"elementor-post__card\">\n\t\t\t\t<a class=\"elementor-post__thumbnail__link\" href=\"https:\/\/subblim.com\/fr\/nos-adentramos-en-la-compatibilidad-universal-de-teclados-y-ratones\/\" tabindex=\"-1\"><div class=\"elementor-post__thumbnail\"><img decoding=\"async\" width=\"768\" height=\"512\" src=\"https:\/\/subblim.com\/wp-content\/uploads\/2023\/08\/SUBBLIM_Dual-Conexion_home-NP-Vuelta-al-cole_ES-768x512.jpg\" class=\"attachment-medium_large size-medium_large wp-image-79718\" alt=\"\u2705\" srcset=\"https:\/\/subblim.com\/wp-content\/uploads\/2023\/08\/SUBBLIM_Dual-Conexion_home-NP-Vuelta-al-cole_ES-768x512.jpg 768w, https:\/\/subblim.com\/wp-content\/uploads\/2023\/08\/SUBBLIM_Dual-Conexion_home-NP-Vuelta-al-cole_ES-1500x1000.jpg 1500w, https:\/\/subblim.com\/wp-content\/uploads\/2023\/08\/SUBBLIM_Dual-Conexion_home-NP-Vuelta-al-cole_ES-2048x1365.jpg 2048w, https:\/\/subblim.com\/wp-content\/uploads\/2023\/08\/SUBBLIM_Dual-Conexion_home-NP-Vuelta-al-cole_ES-1536x1024.jpg 1536w, https:\/\/subblim.com\/wp-content\/uploads\/2023\/08\/SUBBLIM_Dual-Conexion_home-NP-Vuelta-al-cole_ES-800x533.jpg 800w, https:\/\/subblim.com\/wp-content\/uploads\/2023\/08\/SUBBLIM_Dual-Conexion_home-NP-Vuelta-al-cole_ES-64x43.jpg 64w\" sizes=\"(max-width: 768px) 100vw, 768px\" title=\"\u2705\"><\/div><\/a>\n\t\t\t\t<div class=\"elementor-post__text\">\n\t\t\t\t<h2 class=\"elementor-post__title\">\n\t\t\t<a href=\"https:\/\/subblim.com\/fr\/nos-adentramos-en-la-compatibilidad-universal-de-teclados-y-ratones\/\">\n\t\t\t\tNos adentramos en la Compatibilidad Universal de Teclados y Ratones\t\t\t<\/a>\n\t\t<\/h2>\n\t\t\t\t<div class=\"elementor-post__excerpt\">\n\t\t\t<p>En el vertiginoso mundo de la tecnolog\u00eda, la compatibilidad universal es un pilar fundamental para mejorar la experiencia de los usuarios y eliminar las barreras entre dispositivos. Una de las \u00e1reas donde esto se ha vuelto m\u00e1s evidente es en la interacci\u00f3n con ordenadores y dispositivos similares, como los teclados<\/p>\n\t\t<\/div>\n\t\t\n\t\t<a class=\"elementor-post__read-more\" href=\"https:\/\/subblim.com\/fr\/nos-adentramos-en-la-compatibilidad-universal-de-teclados-y-ratones\/\" aria-label=\"En savoir plus sur Nos adentramos en la Compatibilidad Universal de Teclados y Ratones\" tabindex=\"-1\">\n\t\t\tLeer m\u00e1s \u00bb\t\t<\/a>\n\n\t\t\t\t<\/div>\n\t\t\t\t<div class=\"elementor-post__meta-data\">\n\t\t\t\t\t<span class=\"elementor-post-date\">\n\t\t\t23 de ao\u00fbt de 2023\t\t<\/span>\n\t\t\t\t<span class=\"elementor-post-avatar\">\n\t\t\tAucun commentaire\t\t<\/span>\n\t\t\t\t<\/div>\n\t\t\t\t\t<\/div>\n\t\t<\/article>\n\t\t\t\t<article class=\"elementor-post elementor-grid-item post-82321 post type-post status-publish format-standard has-post-thumbnail hentry category-blog-fr category-home-office-fr category-ideas-de-escritorio-fr tag-accesorios-para-estudiantes-fr tag-accesorios-trabajo-fr tag-escritorio-estudiantes-fr tag-habitacion-de-estudio-fr tag-home-office-fr tag-soluciones-de-organizacion-fr tag-subblim-fr tag-trabajar-desde-casa-fr tag-vuelta-al-cole-fr\" role=\"listitem\">\n\t\t\t<div class=\"elementor-post__card\">\n\t\t\t\t<a class=\"elementor-post__thumbnail__link\" href=\"https:\/\/subblim.com\/fr\/10-consejos-para-mantener-tu-escritorio-despejado-y-aumentar-la-productividad\/\" tabindex=\"-1\"><div class=\"elementor-post__thumbnail\"><img loading=\"lazy\" decoding=\"async\" width=\"768\" height=\"463\" src=\"https:\/\/subblim.com\/wp-content\/uploads\/2022\/03\/Pure-Combo-BT-escritorio-e1648547911902-768x463.jpg\" class=\"attachment-medium_large size-medium_large wp-image-72745\" alt=\"\u2705\" srcset=\"https:\/\/subblim.com\/wp-content\/uploads\/2022\/03\/Pure-Combo-BT-escritorio-e1648547911902-768x463.jpg 768w, https:\/\/subblim.com\/wp-content\/uploads\/2022\/03\/Pure-Combo-BT-escritorio-e1648547911902-800x482.jpg 800w, https:\/\/subblim.com\/wp-content\/uploads\/2022\/03\/Pure-Combo-BT-escritorio-e1648547911902-64x39.jpg 64w, https:\/\/subblim.com\/wp-content\/uploads\/2022\/03\/Pure-Combo-BT-escritorio-e1648547911902-20x12.jpg 20w, https:\/\/subblim.com\/wp-content\/uploads\/2022\/03\/Pure-Combo-BT-escritorio-e1648547911902.jpg 1500w\" sizes=\"(max-width: 768px) 100vw, 768px\" title=\"\u2705\"><\/div><\/a>\n\t\t\t\t<div class=\"elementor-post__text\">\n\t\t\t\t<h2 class=\"elementor-post__title\">\n\t\t\t<a href=\"https:\/\/subblim.com\/fr\/10-consejos-para-mantener-tu-escritorio-despejado-y-aumentar-la-productividad\/\">\n\t\t\t\t10 Consejos para Mantener tu Escritorio Despejado y Aumentar la Productividad\t\t\t<\/a>\n\t\t<\/h2>\n\t\t\t\t<div class=\"elementor-post__excerpt\">\n\t\t\t<p>Un espacio de trabajo organizado y despejado es esencial para mantener la productividad y la concentraci\u00f3n mientras trabajamos o estudiamos. Un escritorio ca\u00f3tico puede ser una distracci\u00f3n constante y dificultar la realizaci\u00f3n de tareas de manera eficiente. Ahora veremos 10 recomendaciones pr\u00e1cticas para mantener tu escritorio ordenado y aprovechar al<\/p>\n\t\t<\/div>\n\t\t\n\t\t<a class=\"elementor-post__read-more\" href=\"https:\/\/subblim.com\/fr\/10-consejos-para-mantener-tu-escritorio-despejado-y-aumentar-la-productividad\/\" aria-label=\"En savoir plus sur 10 Consejos para Mantener tu Escritorio Despejado y Aumentar la Productividad\" tabindex=\"-1\">\n\t\t\tLeer m\u00e1s \u00bb\t\t<\/a>\n\n\t\t\t\t<\/div>\n\t\t\t\t<div class=\"elementor-post__meta-data\">\n\t\t\t\t\t<span class=\"elementor-post-date\">\n\t\t\t16 de ao\u00fbt de 2023\t\t<\/span>\n\t\t\t\t<span class=\"elementor-post-avatar\">\n\t\t\tAucun commentaire\t\t<\/span>\n\t\t\t\t<\/div>\n\t\t\t\t\t<\/div>\n\t\t<\/article>\n\t\t\t\t<article class=\"elementor-post elementor-grid-item post-82324 post type-post status-publish format-standard has-post-thumbnail hentry category-blog-fr category-bolsas-y-fundas-portatil-fr tag-accesorios-para-estudiantes-fr tag-accesorios-trabajo-fr tag-funda-portatil-fr tag-fundas-laptop-fr tag-subblim-fr\" role=\"listitem\">\n\t\t\t<div class=\"elementor-post__card\">\n\t\t\t\t<a class=\"elementor-post__thumbnail__link\" href=\"https:\/\/subblim.com\/fr\/neopreno-el-material-ideal-para-fundas-ligeras-para-portatil\/\" tabindex=\"-1\"><div class=\"elementor-post__thumbnail\"><img loading=\"lazy\" decoding=\"async\" width=\"768\" height=\"354\" src=\"https:\/\/subblim.com\/wp-content\/uploads\/2023\/08\/neopreno-material-resistente-para-proteger-el-portatil-768x354.png\" class=\"attachment-medium_large size-medium_large wp-image-79663\" alt=\"\u2705\" srcset=\"https:\/\/subblim.com\/wp-content\/uploads\/2023\/08\/neopreno-material-resistente-para-proteger-el-portatil-768x354.png 768w, https:\/\/subblim.com\/wp-content\/uploads\/2023\/08\/neopreno-material-resistente-para-proteger-el-portatil-1500x692.png 1500w, https:\/\/subblim.com\/wp-content\/uploads\/2023\/08\/neopreno-material-resistente-para-proteger-el-portatil-2048x945.png 2048w, https:\/\/subblim.com\/wp-content\/uploads\/2023\/08\/neopreno-material-resistente-para-proteger-el-portatil-1536x709.png 1536w, https:\/\/subblim.com\/wp-content\/uploads\/2023\/08\/neopreno-material-resistente-para-proteger-el-portatil-800x369.png 800w, https:\/\/subblim.com\/wp-content\/uploads\/2023\/08\/neopreno-material-resistente-para-proteger-el-portatil-64x30.png 64w\" sizes=\"(max-width: 768px) 100vw, 768px\" title=\"\u2705\"><\/div><\/a>\n\t\t\t\t<div class=\"elementor-post__text\">\n\t\t\t\t<h2 class=\"elementor-post__title\">\n\t\t\t<a href=\"https:\/\/subblim.com\/fr\/neopreno-el-material-ideal-para-fundas-ligeras-para-portatil\/\">\n\t\t\t\tNeopreno, el material ideal para fundas ligeras para port\u00e1til\t\t\t<\/a>\n\t\t<\/h2>\n\t\t\t\t<div class=\"elementor-post__excerpt\">\n\t\t\t<p>Una de las cosas que m\u00e1s importancia tiene a la hora de escoger una funda para port\u00e1til es la ligereza y la capacidad de protecci\u00f3n que esta pueda aportar. Por eso, una funda para port\u00e1til de neopreno tiene grandes posibilidades de convertirse en la mejor elecci\u00f3n. Como ya hemos hablando<\/p>\n\t\t<\/div>\n\t\t\n\t\t<a class=\"elementor-post__read-more\" href=\"https:\/\/subblim.com\/fr\/neopreno-el-material-ideal-para-fundas-ligeras-para-portatil\/\" aria-label=\"En savoir plus sur Neopreno, el material ideal para fundas ligeras para port\u00e1til\" tabindex=\"-1\">\n\t\t\tLeer m\u00e1s \u00bb\t\t<\/a>\n\n\t\t\t\t<\/div>\n\t\t\t\t<div class=\"elementor-post__meta-data\">\n\t\t\t\t\t<span class=\"elementor-post-date\">\n\t\t\t9 de ao\u00fbt de 2023\t\t<\/span>\n\t\t\t\t<span class=\"elementor-post-avatar\">\n\t\t\tAucun commentaire\t\t<\/span>\n\t\t\t\t<\/div>\n\t\t\t\t\t<\/div>\n\t\t<\/article>\n\t\t\t\t<article class=\"elementor-post elementor-grid-item post-82327 post type-post status-publish format-standard has-post-thumbnail hentry category-blog-fr category-vuelta-al-cole-fr tag-home-office-fr tag-subblim-fr tag-vuelta-al-cole-fr\" role=\"listitem\">\n\t\t\t<div class=\"elementor-post__card\">\n\t\t\t\t<a class=\"elementor-post__thumbnail__link\" href=\"https:\/\/subblim.com\/fr\/preparandote-para-la-vuelta-a-la-rutina-consejos-para-que-la-vuelta-al-cole-sea-un-exito\/\" tabindex=\"-1\"><div class=\"elementor-post__thumbnail\"><img loading=\"lazy\" decoding=\"async\" width=\"768\" height=\"631\" src=\"https:\/\/subblim.com\/wp-content\/uploads\/2021\/03\/gui\u0301a-regalos-padre-2021-elegant-sleeve-768x631.jpg\" class=\"attachment-medium_large size-medium_large wp-image-71854\" alt=\"\u2705\" srcset=\"https:\/\/subblim.com\/wp-content\/uploads\/2021\/03\/gui\u0301a-regalos-padre-2021-elegant-sleeve-768x631.jpg 768w, https:\/\/subblim.com\/wp-content\/uploads\/2021\/03\/gui\u0301a-regalos-padre-2021-elegant-sleeve-800x657.jpg 800w, https:\/\/subblim.com\/wp-content\/uploads\/2021\/03\/gui\u0301a-regalos-padre-2021-elegant-sleeve-64x53.jpg 64w, https:\/\/subblim.com\/wp-content\/uploads\/2021\/03\/gui\u0301a-regalos-padre-2021-elegant-sleeve-20x16.jpg 20w, https:\/\/subblim.com\/wp-content\/uploads\/2021\/03\/gui\u0301a-regalos-padre-2021-elegant-sleeve.jpg 1500w\" sizes=\"(max-width: 768px) 100vw, 768px\" title=\"\u2705\"><\/div><\/a>\n\t\t\t\t<div class=\"elementor-post__text\">\n\t\t\t\t<h2 class=\"elementor-post__title\">\n\t\t\t<a href=\"https:\/\/subblim.com\/fr\/preparandote-para-la-vuelta-a-la-rutina-consejos-para-que-la-vuelta-al-cole-sea-un-exito\/\">\n\t\t\t\tPrepar\u00e1ndote para la vuelta a la rutina: Consejos para que la \u201cvuelta al cole\u201d sea un \u00e9xito\t\t\t<\/a>\n\t\t<\/h2>\n\t\t\t\t<div class=\"elementor-post__excerpt\">\n\t\t\t<p>Organizaci\u00f3n y Planificaci\u00f3n para la Vuelta al Cole Optimizaci\u00f3n del espacio de trabajo para el Home Office Importancia de los Accesorios Inform\u00e1ticos Mantener aficiones de las vacaciones Mantenerse activo El momento de la vuelta a la rutina puede resultar abrumador para muchas personas, ya sea porque se acerca el regreso<\/p>\n\t\t<\/div>\n\t\t\n\t\t<a class=\"elementor-post__read-more\" href=\"https:\/\/subblim.com\/fr\/preparandote-para-la-vuelta-a-la-rutina-consejos-para-que-la-vuelta-al-cole-sea-un-exito\/\" aria-label=\"En savoir plus sur Prepar\u00e1ndote para la vuelta a la rutina: Consejos para que la \u201cvuelta al cole\u201d sea un \u00e9xito\" tabindex=\"-1\">\n\t\t\tLeer m\u00e1s \u00bb\t\t<\/a>\n\n\t\t\t\t<\/div>\n\t\t\t\t<div class=\"elementor-post__meta-data\">\n\t\t\t\t\t<span class=\"elementor-post-date\">\n\t\t\t9 de ao\u00fbt de 2023\t\t<\/span>\n\t\t\t\t<span class=\"elementor-post-avatar\">\n\t\t\tAucun commentaire\t\t<\/span>\n\t\t\t\t<\/div>\n\t\t\t\t\t<\/div>\n\t\t<\/article>\n\t\t\t\t<\/div>\n\t\t\n\t\t\t\t<div class=\"e-load-more-anchor\" data-page=\"1\" data-max-page=\"7\" data-next-page=\"https:\/\/subblim.com\/fr\/wp-json\/wp\/v2\/pages\/82171\/page\/2\/\"><\/div>\n\t\t\t\t<nav class=\"elementor-pagination\" aria-label=\"Pagination\">\n\t\t\t<span aria-current=\"page\" class=\"page-numbers current\"><span class=\"elementor-screen-only\">Page<\/span>1<\/span>\n<a class=\"page-numbers\" href=\"https:\/\/subblim.com\/fr\/wp-json\/wp\/v2\/pages\/82171\/page\/2\/\"><span class=\"elementor-screen-only\">Page<\/span>2<\/a>\n<a class=\"page-numbers\" href=\"https:\/\/subblim.com\/fr\/wp-json\/wp\/v2\/pages\/82171\/page\/3\/\"><span class=\"elementor-screen-only\">Page<\/span>3<\/a>\n<a class=\"page-numbers\" href=\"https:\/\/subblim.com\/fr\/wp-json\/wp\/v2\/pages\/82171\/page\/4\/\"><span class=\"elementor-screen-only\">Page<\/span>4<\/a>\n<a class=\"page-numbers\" href=\"https:\/\/subblim.com\/fr\/wp-json\/wp\/v2\/pages\/82171\/page\/5\/\"><span class=\"elementor-screen-only\">Page<\/span>5<\/a>\t\t<\/nav>\n\t\t\t\t\t\t<\/div>\n\t\t\t\t<\/div>\n\t\t\t\t\t<\/div>\n\t\t\t\t<\/div>\n\t\t\t\t<\/div>\n\t\t","protected":false},"excerpt":{"rendered":"<p>Blog SUBBLIM R\u00e9ponses \u00e0 vos questions et curiosit\u00e9s concernant les derniers accessoires informatiques (En espagnol)<\/p>\n","protected":false},"author":2,"featured_media":0,"parent":0,"menu_order":0,"comment_status":"closed","ping_status":"closed","template":"","meta":{"footnotes":""},"class_list":["post-82171","page","type-page","status-publish","hentry"],"_links":{"self":[{"href":"https:\/\/subblim.com\/fr\/wp-json\/wp\/v2\/pages\/82171","targetHints":{"allow":["GET"]}}],"collection":[{"href":"https:\/\/subblim.com\/fr\/wp-json\/wp\/v2\/pages"}],"about":[{"href":"https:\/\/subblim.com\/fr\/wp-json\/wp\/v2\/types\/page"}],"author":[{"embeddable":true,"href":"https:\/\/subblim.com\/fr\/wp-json\/wp\/v2\/users\/2"}],"replies":[{"embeddable":true,"href":"https:\/\/subblim.com\/fr\/wp-json\/wp\/v2\/comments?post=82171"}],"version-history":[{"count":7,"href":"https:\/\/subblim.com\/fr\/wp-json\/wp\/v2\/pages\/82171\/revisions"}],"predecessor-version":[{"id":100886,"href":"https:\/\/subblim.com\/fr\/wp-json\/wp\/v2\/pages\/82171\/revisions\/100886"}],"wp:attachment":[{"href":"https:\/\/subblim.com\/fr\/wp-json\/wp\/v2\/media?parent=82171"}],"curies":[{"name":"wp","href":"https:\/\/api.w.org\/{rel}","templated":true}]}}